{"id":118,"date":"2019-05-10T17:15:04","date_gmt":"2019-05-10T15:15:04","guid":{"rendered":"https:\/\/nueeva.ca\/boutique\/?post_type=product&#038;p=118"},"modified":"2026-02-26T20:11:43","modified_gmt":"2026-02-26T19:11:43","slug":"accept-creme-haute-tolerance","status":"publish","type":"product","link":"https:\/\/nueeva.ca\/boutique\/product\/accept-creme-haute-tolerance\/","title":{"rendered":"ACCEPT &#8211; Cr\u00e8me Haute Tol\u00e9rance"},"content":{"rendered":"<p>PROPRI\u00c9T\u00c9S : Apaise, hydrate, prot\u00e8ge et restaure le capital d\u00e9fense des peaux r\u00e9actives.<\/p>\n<p>ACTIFS<br \/>\nConcentr\u00e9 de Coralline : vasoconstricteur, calmant, apaisant ; d\u00e9congestionne et<br \/>\nrafra\u00eechit.<br \/>\nExtrait Purifi\u00e9 de Membrane de Levure : anti-irritant et anti-inflammation ; stimule le<br \/>\nsyst\u00e8me immunitaire et r\u00e9g\u00e9n\u00e8re les tissus l\u00e9s\u00e9s.<\/p>\n<p>Quantit\u00e9 : 50ml<\/p>\n","protected":false},"excerpt":{"rendered":"<p>PROPRI\u00c9T\u00c9S : Apaise, hydrate, prot\u00e8ge et restaure le capital d\u00e9fense [&hellip;]<\/p>\n","protected":false},"featured_media":209,"comment_status":"open","ping_status":"closed","template":"","meta":{"spay_email":""},"_links":{"self":[{"href":"https:\/\/nueeva.ca\/boutique\/wp-json\/wp\/v2\/product\/118"}],"collection":[{"href":"https:\/\/nueeva.ca\/boutique\/wp-json\/wp\/v2\/product"}],"about":[{"href":"https:\/\/nueeva.ca\/boutique\/wp-json\/wp\/v2\/types\/product"}],"replies":[{"embeddable":true,"href":"https:\/\/nueeva.ca\/boutique\/wp-json\/wp\/v2\/comments?post=118"}],"wp:featuredmedia":[{"embeddable":true,"href":"https:\/\/nueeva.ca\/boutique\/wp-json\/wp\/v2\/media\/209"}],"wp:attachment":[{"href":"https:\/\/nueeva.ca\/boutique\/wp-json\/wp\/v2\/media?parent=118"}],"curies":[{"name":"wp","href":"https:\/\/api.w.org\/{rel}","templated":true}]}}