{"id":120,"date":"2019-05-10T17:23:33","date_gmt":"2019-05-10T15:23:33","guid":{"rendered":"https:\/\/nueeva.ca\/boutique\/?post_type=product&#038;p=120"},"modified":"2023-11-15T17:50:22","modified_gmt":"2023-11-15T16:50:22","slug":"accept-masque-desensibilisant","status":"publish","type":"product","link":"https:\/\/nueeva.ca\/boutique\/product\/accept-masque-desensibilisant\/","title":{"rendered":"ACCEPT &#8211; Masque D\u00e9sensibilisant"},"content":{"rendered":"<p>PROPRI\u00c9T\u00c9S : Apaise instantan\u00e9ment les peaux r\u00e9actives et apporte un effet frais<br \/>\nimm\u00e9diat.<br \/>\nACTIFS<br \/>\nPhycosaccharide de Laminaria Digitata : apaisant, anti-picotement, anti-inflammation ;<br \/>\nr\u00e9duit les rougeurs.<br \/>\nExtrait Purifi\u00e9 de Membrane de Levure : anti-irritant et anti-inflammation ; stimule le<br \/>\nsyst\u00e8me immunitaire et r\u00e9g\u00e9n\u00e8re les tissus l\u00e9s\u00e9s.<br \/>\nCONSEIL PROFESSIONNEL : Appliquer en couche moyenne. Laisser agir 10 minutes et<br \/>\nretirer \u00e0 l\u2019aide d\u2019un papier absorbant. Il peut s\u2019utiliser 2 ou 3 fois par semaine.<\/p>\n<p>Quantit\u00e9 : 50ml<\/p>\n","protected":false},"excerpt":{"rendered":"<p>PROPRI\u00c9T\u00c9S : Apaise instantan\u00e9ment les peaux r\u00e9actives et apporte un [&hellip;]<\/p>\n","protected":false},"featured_media":211,"comment_status":"open","ping_status":"closed","template":"","meta":{"spay_email":""},"_links":{"self":[{"href":"https:\/\/nueeva.ca\/boutique\/wp-json\/wp\/v2\/product\/120"}],"collection":[{"href":"https:\/\/nueeva.ca\/boutique\/wp-json\/wp\/v2\/product"}],"about":[{"href":"https:\/\/nueeva.ca\/boutique\/wp-json\/wp\/v2\/types\/product"}],"replies":[{"embeddable":true,"href":"https:\/\/nueeva.ca\/boutique\/wp-json\/wp\/v2\/comments?post=120"}],"wp:featuredmedia":[{"embeddable":true,"href":"https:\/\/nueeva.ca\/boutique\/wp-json\/wp\/v2\/media\/211"}],"wp:attachment":[{"href":"https:\/\/nueeva.ca\/boutique\/wp-json\/wp\/v2\/media?parent=120"}],"curies":[{"name":"wp","href":"https:\/\/api.w.org\/{rel}","templated":true}]}}