{"id":122,"date":"2019-05-10T17:33:45","date_gmt":"2019-05-10T15:33:45","guid":{"rendered":"https:\/\/nueeva.ca\/boutique\/?post_type=product&#038;p=122"},"modified":"2024-07-28T21:11:19","modified_gmt":"2024-07-28T19:11:19","slug":"age-optimal-soin-lissant-rides-visage-et-yeux","status":"publish","type":"product","link":"https:\/\/nueeva.ca\/boutique\/product\/age-optimal-soin-lissant-rides-visage-et-yeux\/","title":{"rendered":"AGE OPTIMAL \u2013 Soin Lissant Rides Visage et Yeux"},"content":{"rendered":"<p>PROPRI\u00c9T\u00c9S<br \/>\nPour aider l\u2019\u00e9piderme masculin \u00e0 se blinder au mieux contre les agressions quotidiennes,<br \/>\nla recherche PHYTOMER a s\u00e9lectionn\u00e9 4 actifs surdou\u00e9s \u00e0 l\u2019action 100 % sur-mesure :<br \/>\nACTIFS<br \/>\n\u2192 Le sucre marin AMM (Matifiant Marin Absolu), pour matifier la zone T en un clin d\u2019\u0153il<br \/>\n\u2192 L\u2019OXHYLIUM MARIN, un extrait d\u2019algue rouge, pour une meilleure oxyg\u00e9nation des<br \/>\ntissus et une revitalisation express<br \/>\n\u2192 L\u2019HUILE DE CRISTE, plante de bord de mer, pour lisser le micro relief cutan\u00e9<br \/>\n\u2192 La DELESSERIA SANGUINEA, une algue rouge d\u00e9congestionnante, pour d\u00e9gommer les<br \/>\ntraces de fatigue.<\/p>\n<p>Quantit\u00e9\u00a0 : 50ml<\/p>\n","protected":false},"excerpt":{"rendered":"<p>PROPRI\u00c9T\u00c9S Pour aider l\u2019\u00e9piderme masculin \u00e0 se blinder au mieux [&hellip;]<\/p>\n","protected":false},"featured_media":206,"comment_status":"open","ping_status":"closed","template":"","meta":{"spay_email":""},"_links":{"self":[{"href":"https:\/\/nueeva.ca\/boutique\/wp-json\/wp\/v2\/product\/122"}],"collection":[{"href":"https:\/\/nueeva.ca\/boutique\/wp-json\/wp\/v2\/product"}],"about":[{"href":"https:\/\/nueeva.ca\/boutique\/wp-json\/wp\/v2\/types\/product"}],"replies":[{"embeddable":true,"href":"https:\/\/nueeva.ca\/boutique\/wp-json\/wp\/v2\/comments?post=122"}],"wp:featuredmedia":[{"embeddable":true,"href":"https:\/\/nueeva.ca\/boutique\/wp-json\/wp\/v2\/media\/206"}],"wp:attachment":[{"href":"https:\/\/nueeva.ca\/boutique\/wp-json\/wp\/v2\/media?parent=122"}],"curies":[{"name":"wp","href":"https:\/\/api.w.org\/{rel}","templated":true}]}}