{"id":123,"date":"2019-05-10T17:35:37","date_gmt":"2019-05-10T15:35:37","guid":{"rendered":"https:\/\/nueeva.ca\/boutique\/?post_type=product&#038;p=123"},"modified":"2026-02-26T20:09:42","modified_gmt":"2026-02-26T19:09:42","slug":"aqua-optimal-soin-hydratant-apaisant-visage-et-yeux","status":"publish","type":"product","link":"https:\/\/nueeva.ca\/boutique\/product\/aqua-optimal-soin-hydratant-apaisant-visage-et-yeux\/","title":{"rendered":"AQUA OPTIMAL Soin Hydratant Apaisant Visage et Yeux"},"content":{"rendered":"<p>\u2022 Un soin \u00e0 la texture non grasse pour hydrater, apaiser et revitaliser les peaux<br \/>\nmasculines<br \/>\n\u2022 Une formule sur-mesure visage et yeux, id\u00e9ale en apr\u00e8s-rasage<\/p>\n<p>Algue Tisseuse : restructure le r\u00e9servoir en eau de la peau pour pr\u00e9venir la d\u00e9shydratation.<br \/>\nPhycosaccharide de Laminaria Digitata (algue brune) : apaise, r\u00e9duit l\u2019inflammation et les rougeurs.<br \/>\nEPS AMM, Absolute Marine Matifier* : limite la s\u00e9cr\u00e9tion de s\u00e9bum et offre un effet<br \/>\nmatifiant global longue dur\u00e9e.<br \/>\nOxhylium Marin (Corallina officinalis, algue rouge) : oxyg\u00e8ne, d\u00e9toxifie et revitalise l\u2019\u00e9piderme.<\/p>\n<p>Quantit\u00e9 : 50ml<\/p>\n","protected":false},"excerpt":{"rendered":"<p>\u2022 Un soin \u00e0 la texture non grasse pour hydrater, [&hellip;]<\/p>\n","protected":false},"featured_media":213,"comment_status":"open","ping_status":"closed","template":"","meta":{"spay_email":""},"_links":{"self":[{"href":"https:\/\/nueeva.ca\/boutique\/wp-json\/wp\/v2\/product\/123"}],"collection":[{"href":"https:\/\/nueeva.ca\/boutique\/wp-json\/wp\/v2\/product"}],"about":[{"href":"https:\/\/nueeva.ca\/boutique\/wp-json\/wp\/v2\/types\/product"}],"replies":[{"embeddable":true,"href":"https:\/\/nueeva.ca\/boutique\/wp-json\/wp\/v2\/comments?post=123"}],"wp:featuredmedia":[{"embeddable":true,"href":"https:\/\/nueeva.ca\/boutique\/wp-json\/wp\/v2\/media\/213"}],"wp:attachment":[{"href":"https:\/\/nueeva.ca\/boutique\/wp-json\/wp\/v2\/media?parent=123"}],"curies":[{"name":"wp","href":"https:\/\/api.w.org\/{rel}","templated":true}]}}