{"id":125,"date":"2019-05-10T17:41:59","date_gmt":"2019-05-10T15:41:59","guid":{"rendered":"https:\/\/nueeva.ca\/boutique\/?post_type=product&#038;p=125"},"modified":"2023-11-15T17:47:46","modified_gmt":"2023-11-15T16:47:46","slug":"citadine-creme-sorbet-visage-et-yeux","status":"publish","type":"product","link":"https:\/\/nueeva.ca\/boutique\/product\/citadine-creme-sorbet-visage-et-yeux\/","title":{"rendered":"CITADINE \u2013 Cr\u00e8me Sorbet Visage et Yeux"},"content":{"rendered":"<p>PROPRI\u00c9T\u00c9S : Cette cr\u00e8me rafra\u00eechissante 2-en-1, visage et yeux, prot\u00e8ge et r\u00e9pare la peau des d\u00e9g\u00e2ts<br \/>\ncaus\u00e9s par la pollution urbaine : d\u00e9shydratation, signes de fatigue, taches pigmentaires, teint terne.<br \/>\nACTIFS<br \/>\nCITYSAFE : agit sur la d\u00e9shydratation, les signes de fatigue et la pigmentation induits par la pollution.<br \/>\nOLIGOMER\u00ae : renforce la capacit\u00e9 de la peau \u00e0 bien respirer en environnement pollu\u00e9*, la recharge en<br \/>\nmin\u00e9raux et en oligo-\u00e9l\u00e9ments.<\/p>\n<p>Quantit\u00e9 : 50ml<\/p>\n","protected":false},"excerpt":{"rendered":"<p>PROPRI\u00c9T\u00c9S : Cette cr\u00e8me rafra\u00eechissante 2-en-1, visage et yeux, prot\u00e8ge [&hellip;]<\/p>\n","protected":false},"featured_media":214,"comment_status":"open","ping_status":"closed","template":"","meta":{"spay_email":""},"_links":{"self":[{"href":"https:\/\/nueeva.ca\/boutique\/wp-json\/wp\/v2\/product\/125"}],"collection":[{"href":"https:\/\/nueeva.ca\/boutique\/wp-json\/wp\/v2\/product"}],"about":[{"href":"https:\/\/nueeva.ca\/boutique\/wp-json\/wp\/v2\/types\/product"}],"replies":[{"embeddable":true,"href":"https:\/\/nueeva.ca\/boutique\/wp-json\/wp\/v2\/comments?post=125"}],"wp:featuredmedia":[{"embeddable":true,"href":"https:\/\/nueeva.ca\/boutique\/wp-json\/wp\/v2\/media\/214"}],"wp:attachment":[{"href":"https:\/\/nueeva.ca\/boutique\/wp-json\/wp\/v2\/media?parent=125"}],"curies":[{"name":"wp","href":"https:\/\/api.w.org\/{rel}","templated":true}]}}