{"id":126,"date":"2019-05-10T17:43:29","date_gmt":"2019-05-10T15:43:29","guid":{"rendered":"https:\/\/nueeva.ca\/boutique\/?post_type=product&#038;p=126"},"modified":"2023-11-15T17:48:06","modified_gmt":"2023-11-15T16:48:06","slug":"citadine-peeling-minute-ultra-nettoyant","status":"publish","type":"product","link":"https:\/\/nueeva.ca\/boutique\/product\/citadine-peeling-minute-ultra-nettoyant\/","title":{"rendered":"CITADINE Peeling Minute Ultra-Nettoyant"},"content":{"rendered":"<p>\u2022 Micro-peeling doux qui agit en quelques secondes pour nettoyer la peau<br \/>\net rafra\u00eechir le teint<br \/>\n\u2022 Convient \u00e0 tous les types de peaux<br \/>\nCITADINE<br \/>\nPeeling Minute Ultra-Nettoyant<br \/>\nProduit vente : flacon 125 ml &#8211; R\u00e9f. PFSVV144<br \/>\nCITYSAFE : agit sur la d\u00e9shydratation, le manque de vitalit\u00e9 et la<br \/>\npigmentation induits par la pollution<br \/>\nPROT\u00c9ASE : favorise la desquamation des cellules mortes et permet<br \/>\n\u00e0 la peau de se r\u00e9g\u00e9n\u00e9rer plus rapidement<br \/>\nOLIGOMER\u00ae : renforce la capacit\u00e9 de la peau \u00e0 bien respirer en<br \/>\nenvironnement pollu\u00e9, la recharge en min\u00e9raux et en oligo-\u00e9l\u00e9ments<\/p>\n<p>Quantit\u00e9\u00a0 : 125ml<\/p>\n","protected":false},"excerpt":{"rendered":"<p>\u2022 Micro-peeling doux qui agit en quelques secondes pour nettoyer [&hellip;]<\/p>\n","protected":false},"featured_media":215,"comment_status":"open","ping_status":"closed","template":"","meta":{"spay_email":""},"_links":{"self":[{"href":"https:\/\/nueeva.ca\/boutique\/wp-json\/wp\/v2\/product\/126"}],"collection":[{"href":"https:\/\/nueeva.ca\/boutique\/wp-json\/wp\/v2\/product"}],"about":[{"href":"https:\/\/nueeva.ca\/boutique\/wp-json\/wp\/v2\/types\/product"}],"replies":[{"embeddable":true,"href":"https:\/\/nueeva.ca\/boutique\/wp-json\/wp\/v2\/comments?post=126"}],"wp:featuredmedia":[{"embeddable":true,"href":"https:\/\/nueeva.ca\/boutique\/wp-json\/wp\/v2\/media\/215"}],"wp:attachment":[{"href":"https:\/\/nueeva.ca\/boutique\/wp-json\/wp\/v2\/media?parent=126"}],"curies":[{"name":"wp","href":"https:\/\/api.w.org\/{rel}","templated":true}]}}