{"id":127,"date":"2019-05-10T17:44:50","date_gmt":"2019-05-10T15:44:50","guid":{"rendered":"https:\/\/nueeva.ca\/boutique\/?post_type=product&#038;p=127"},"modified":"2026-02-26T20:03:39","modified_gmt":"2026-02-26T19:03:39","slug":"contour-jeunesse-creme-defroissante-yeux-et-levres","status":"publish","type":"product","link":"https:\/\/nueeva.ca\/boutique\/product\/contour-jeunesse-creme-defroissante-yeux-et-levres\/","title":{"rendered":"CONTOUR JEUNESSE &#8211; Cr\u00e8me D\u00e9froissante Yeux et L\u00e8vres"},"content":{"rendered":"<p>PROPRI\u00c9T\u00c9S : Estompe les rides existantes, aide \u00e0 pr\u00e9venir leur apparition et att\u00e9nue<br \/>\nles poches et les cernes.<br \/>\nACTIFS<br \/>\nDilsea Carnosa : action sur les rides.<br \/>\nDelesseria Sanguinea : action sur les poches.<br \/>\nChlorelle : action sur les cernes.<br \/>\nOLIGOMER\u00ae : apport id\u00e9al en oligo-\u00e9l\u00e9ments, fortifie l\u2019\u00e9piderme, pr\u00e9vient des fatigues<br \/>\ncellulaires.<br \/>\nCONSEIL PROFESSIONNEL : Appliquer matin et\/ou soir sur le contour des yeux et des<br \/>\nl\u00e8vres. Faire p\u00e9n\u00e9trer par de l\u00e9gers pianotements.<\/p>\n<p>Quantit\u00e9 : 15ml<\/p>\n","protected":false},"excerpt":{"rendered":"<p>PROPRI\u00c9T\u00c9S : Estompe les rides existantes, aide \u00e0 pr\u00e9venir leur [&hellip;]<\/p>\n","protected":false},"featured_media":216,"comment_status":"open","ping_status":"closed","template":"","meta":{"spay_email":""},"_links":{"self":[{"href":"https:\/\/nueeva.ca\/boutique\/wp-json\/wp\/v2\/product\/127"}],"collection":[{"href":"https:\/\/nueeva.ca\/boutique\/wp-json\/wp\/v2\/product"}],"about":[{"href":"https:\/\/nueeva.ca\/boutique\/wp-json\/wp\/v2\/types\/product"}],"replies":[{"embeddable":true,"href":"https:\/\/nueeva.ca\/boutique\/wp-json\/wp\/v2\/comments?post=127"}],"wp:featuredmedia":[{"embeddable":true,"href":"https:\/\/nueeva.ca\/boutique\/wp-json\/wp\/v2\/media\/216"}],"wp:attachment":[{"href":"https:\/\/nueeva.ca\/boutique\/wp-json\/wp\/v2\/media?parent=127"}],"curies":[{"name":"wp","href":"https:\/\/api.w.org\/{rel}","templated":true}]}}