{"id":134,"date":"2019-05-10T18:10:55","date_gmt":"2019-05-10T16:10:55","guid":{"rendered":"https:\/\/nueeva.ca\/boutique\/?post_type=product&#038;p=134"},"modified":"2026-02-26T20:08:38","modified_gmt":"2026-02-26T19:08:38","slug":"doux-visage-creme-nettoyante-veloutee","status":"publish","type":"product","link":"https:\/\/nueeva.ca\/boutique\/product\/doux-visage-creme-nettoyante-veloutee\/","title":{"rendered":"DOUX VISAGE &#8211; Cr\u00e8me Nettoyante Velout\u00e9e"},"content":{"rendered":"<p>PROPRI\u00c9T\u00c9S : L\u2019efficacit\u00e9 d\u2019un savon, la douceur d\u2019une cr\u00e8me d\u00e9maquillante et la<br \/>\nd\u00e9licatesse d\u2019un parfum frais et l\u00e9ger.<br \/>\nACTIFS<br \/>\nSor\u00e9nia (ajonc) : relaxante, apaisante.<br \/>\nAgents nettoyants doux marins<br \/>\nCONSEIL PROFESSIONNEL : Appliquer avec les doigts sur l\u2019ensemble du visage et du<br \/>\ncou. \u00c9mulsionner avec de l\u2019eau en effectuant des mouvements circulaires. Rincer puis tonifier<\/p>\n<p>Qunatit\u00e9 : 150ml<\/p>\n","protected":false},"excerpt":{"rendered":"<p>PROPRI\u00c9T\u00c9S : L\u2019efficacit\u00e9 d\u2019un savon, la douceur d\u2019une cr\u00e8me d\u00e9maquillante [&hellip;]<\/p>\n","protected":false},"featured_media":222,"comment_status":"open","ping_status":"closed","template":"","meta":{"spay_email":""},"_links":{"self":[{"href":"https:\/\/nueeva.ca\/boutique\/wp-json\/wp\/v2\/product\/134"}],"collection":[{"href":"https:\/\/nueeva.ca\/boutique\/wp-json\/wp\/v2\/product"}],"about":[{"href":"https:\/\/nueeva.ca\/boutique\/wp-json\/wp\/v2\/types\/product"}],"replies":[{"embeddable":true,"href":"https:\/\/nueeva.ca\/boutique\/wp-json\/wp\/v2\/comments?post=134"}],"wp:featuredmedia":[{"embeddable":true,"href":"https:\/\/nueeva.ca\/boutique\/wp-json\/wp\/v2\/media\/222"}],"wp:attachment":[{"href":"https:\/\/nueeva.ca\/boutique\/wp-json\/wp\/v2\/media?parent=134"}],"curies":[{"name":"wp","href":"https:\/\/api.w.org\/{rel}","templated":true}]}}