{"id":135,"date":"2019-05-10T18:13:45","date_gmt":"2019-05-10T16:13:45","guid":{"rendered":"https:\/\/nueeva.ca\/boutique\/?post_type=product&#038;p=135"},"modified":"2026-02-26T20:07:45","modified_gmt":"2026-02-26T19:07:45","slug":"eau-marine-lotion-tonique-sans-alcool","status":"publish","type":"product","link":"https:\/\/nueeva.ca\/boutique\/product\/eau-marine-lotion-tonique-sans-alcool\/","title":{"rendered":"EAU MARINE &#8211; Lotion Tonique Sans Alcool"},"content":{"rendered":"<p>PROPRI\u00c9T\u00c9S : Laisse la peau nette, fra\u00eeche et tonifi\u00e9e.<br \/>\nACTIFS<br \/>\nHuiles essentielles (romarin, cypr\u00e8s, marjolaine) : rafra\u00eechissantes et purifiantes.<br \/>\nExtraits de plantes (marronnier, arnica, hamam\u00e9lis, vigne rouge, lierre, millepertuis) :<br \/>\nstimulants, tonifiants.<br \/>\nOLIGOMER\u00ae : apport id\u00e9al en oligo-\u00e9l\u00e9ments, fortifie l\u2019\u00e9piderme, pr\u00e9vient des fatigues<br \/>\ncellulaires.<\/p>\n<p>Quantit\u00e9 : 250ml<\/p>\n","protected":false},"excerpt":{"rendered":"<p>PROPRI\u00c9T\u00c9S : Laisse la peau nette, fra\u00eeche et tonifi\u00e9e. ACTIFS [&hellip;]<\/p>\n","protected":false},"featured_media":221,"comment_status":"open","ping_status":"closed","template":"","meta":{"spay_email":""},"_links":{"self":[{"href":"https:\/\/nueeva.ca\/boutique\/wp-json\/wp\/v2\/product\/135"}],"collection":[{"href":"https:\/\/nueeva.ca\/boutique\/wp-json\/wp\/v2\/product"}],"about":[{"href":"https:\/\/nueeva.ca\/boutique\/wp-json\/wp\/v2\/types\/product"}],"replies":[{"embeddable":true,"href":"https:\/\/nueeva.ca\/boutique\/wp-json\/wp\/v2\/comments?post=135"}],"wp:featuredmedia":[{"embeddable":true,"href":"https:\/\/nueeva.ca\/boutique\/wp-json\/wp\/v2\/media\/221"}],"wp:attachment":[{"href":"https:\/\/nueeva.ca\/boutique\/wp-json\/wp\/v2\/media?parent=135"}],"curies":[{"name":"wp","href":"https:\/\/api.w.org\/{rel}","templated":true}]}}