{"id":137,"date":"2019-05-10T18:15:17","date_gmt":"2019-05-10T16:15:17","guid":{"rendered":"https:\/\/nueeva.ca\/boutique\/?post_type=product&#038;p=137"},"modified":"2026-02-26T20:03:10","modified_gmt":"2026-02-26T19:03:10","slug":"eau-micellaire-solution-demaquillante-yeux","status":"publish","type":"product","link":"https:\/\/nueeva.ca\/boutique\/product\/eau-micellaire-solution-demaquillante-yeux\/","title":{"rendered":"EAU MICELLAIRE &#8211; Solution D\u00e9maquillante Yeux"},"content":{"rendered":"<p>PROPRI\u00c9T\u00c9S : D\u00e9maquillant pour les yeux sensibles, doux et ultra-efficace m\u00eame sur le<br \/>\nmaquillage waterproof.<br \/>\nACTIFS<br \/>\nMicelles : emprisonnent comme un aimant le maquillage des yeux sans irriter.<br \/>\nSor\u00e9nia (ajonc) : relaxante, apaisante.<br \/>\nOLIGOMER\u00ae : apport id\u00e9al en oligo-\u00e9l\u00e9ments, fortifie l\u2019\u00e9piderme, pr\u00e9vient des fatigues<br \/>\ncellulaires.<\/p>\n<p>Quantit\u00e9 : 150ml<\/p>\n","protected":false},"excerpt":{"rendered":"<p>PROPRI\u00c9T\u00c9S : D\u00e9maquillant pour les yeux sensibles, doux et ultra-efficace [&hellip;]<\/p>\n","protected":false},"featured_media":224,"comment_status":"open","ping_status":"closed","template":"","meta":{"spay_email":""},"_links":{"self":[{"href":"https:\/\/nueeva.ca\/boutique\/wp-json\/wp\/v2\/product\/137"}],"collection":[{"href":"https:\/\/nueeva.ca\/boutique\/wp-json\/wp\/v2\/product"}],"about":[{"href":"https:\/\/nueeva.ca\/boutique\/wp-json\/wp\/v2\/types\/product"}],"replies":[{"embeddable":true,"href":"https:\/\/nueeva.ca\/boutique\/wp-json\/wp\/v2\/comments?post=137"}],"wp:featuredmedia":[{"embeddable":true,"href":"https:\/\/nueeva.ca\/boutique\/wp-json\/wp\/v2\/media\/224"}],"wp:attachment":[{"href":"https:\/\/nueeva.ca\/boutique\/wp-json\/wp\/v2\/media?parent=137"}],"curies":[{"name":"wp","href":"https:\/\/api.w.org\/{rel}","templated":true}]}}