{"id":138,"date":"2019-05-10T18:25:10","date_gmt":"2019-05-10T16:25:10","guid":{"rendered":"https:\/\/nueeva.ca\/boutique\/?post_type=product&#038;p=138"},"modified":"2025-03-24T18:47:36","modified_gmt":"2025-03-24T17:47:36","slug":"emergence-serum-peau-neuve-affinant","status":"publish","type":"product","link":"https:\/\/nueeva.ca\/boutique\/product\/emergence-serum-peau-neuve-affinant\/","title":{"rendered":"\u00c9MERGENCE \u2013 S\u00e9rum Peau Neuve Affinant"},"content":{"rendered":"<p>PROPRI\u00c9T\u00c9S<br \/>\nCe s\u00e9rum ultra-doux \u00e0 la texture poids plume booste l\u2019exfoliation en 3 jours, retexture la peau en 2<br \/>\nsemaines et minimise les imperfections en 1 mois.<br \/>\nACTIFS<br \/>\nAlpha-Soft :<br \/>\nGel mille-feuille compos\u00e9 de 3 AHAs pour une perfusion progressive et contr\u00f4l\u00e9e, sans aucune irritation.<br \/>\nPoudres de porphyra-conchoc\u00e9lis :<br \/>\nAHAs marins 100 % naturels, exfolient la peau tout en douceur pour un effet peau neuve<\/p>\n<p>Quantit\u00e9 : 30ml<\/p>\n","protected":false},"excerpt":{"rendered":"<p>PROPRI\u00c9T\u00c9S Ce s\u00e9rum ultra-doux \u00e0 la texture poids plume booste [&hellip;]<\/p>\n","protected":false},"featured_media":223,"comment_status":"open","ping_status":"closed","template":"","meta":{"spay_email":""},"_links":{"self":[{"href":"https:\/\/nueeva.ca\/boutique\/wp-json\/wp\/v2\/product\/138"}],"collection":[{"href":"https:\/\/nueeva.ca\/boutique\/wp-json\/wp\/v2\/product"}],"about":[{"href":"https:\/\/nueeva.ca\/boutique\/wp-json\/wp\/v2\/types\/product"}],"replies":[{"embeddable":true,"href":"https:\/\/nueeva.ca\/boutique\/wp-json\/wp\/v2\/comments?post=138"}],"wp:featuredmedia":[{"embeddable":true,"href":"https:\/\/nueeva.ca\/boutique\/wp-json\/wp\/v2\/media\/223"}],"wp:attachment":[{"href":"https:\/\/nueeva.ca\/boutique\/wp-json\/wp\/v2\/media?parent=138"}],"curies":[{"name":"wp","href":"https:\/\/api.w.org\/{rel}","templated":true}]}}