{"id":139,"date":"2019-05-10T18:27:05","date_gmt":"2019-05-10T16:27:05","guid":{"rendered":"https:\/\/nueeva.ca\/boutique\/?post_type=product&#038;p=139"},"modified":"2024-11-08T21:16:37","modified_gmt":"2024-11-08T20:16:37","slug":"expert-jeunesse-creme-correction-rides","status":"publish","type":"product","link":"https:\/\/nueeva.ca\/boutique\/product\/expert-jeunesse-creme-correction-rides\/","title":{"rendered":"EXPERT JEUNESSE &#8211; Cr\u00e8me Correction Rides"},"content":{"rendered":"<p>PROPRI\u00c9T\u00c9S<br \/>\nDiminue la profondeur des rides superficielles et profondes pour une peau liss\u00e9e et d\u00e9froiss\u00e9e.<br \/>\nACTIF DE R\u00c9F\u00c9RENCE<br \/>\nCOMPLEXE SEASTEM : SEASTEM est une association unique de mol\u00e9cules issues d\u2019algues Laminaires,<br \/>\nobtenue par un proc\u00e9d\u00e9 biotechnologique brevet\u00e9.<br \/>\nLes scientifiques PHYTOMER ont d\u00e9couvert que SEASTEM est capable de r\u00e9activer les cellules souches<br \/>\ndes algues et de cr\u00e9er ainsi de la nouvelle mati\u00e8re algale.<br \/>\nIls utilisent le pouvoir r\u00e9g\u00e9n\u00e9ratif de SEASTEM pour optimiser le fonctionnement des cellules souches<br \/>\ncutan\u00e9es au service de la correction des rides.<br \/>\n+ Huile de Salicorne : am\u00e9liore la circulation et le stockage de l\u2019eau dans l\u2019\u00e9piderme.<br \/>\n+ OLIGOMER\u00ae : apport id\u00e9al en oligo-\u00e9l\u00e9ments, fortifie l&rsquo;\u00e9piderme, pr\u00e9vient des fatigues cellulaires.<br \/>\nR\u00c9SULTATS CLINIQUES<br \/>\nEn un mois, le visage para\u00eet jusqu&rsquo;\u00e0 8 ann\u00e9es plus jeune*.<\/p>\n<p>Quantit\u00e9 : 50ml<\/p>\n","protected":false},"excerpt":{"rendered":"<p>PROPRI\u00c9T\u00c9S Diminue la profondeur des rides superficielles et profondes pour [&hellip;]<\/p>\n","protected":false},"featured_media":204,"comment_status":"open","ping_status":"closed","template":"","meta":{"spay_email":""},"_links":{"self":[{"href":"https:\/\/nueeva.ca\/boutique\/wp-json\/wp\/v2\/product\/139"}],"collection":[{"href":"https:\/\/nueeva.ca\/boutique\/wp-json\/wp\/v2\/product"}],"about":[{"href":"https:\/\/nueeva.ca\/boutique\/wp-json\/wp\/v2\/types\/product"}],"replies":[{"embeddable":true,"href":"https:\/\/nueeva.ca\/boutique\/wp-json\/wp\/v2\/comments?post=139"}],"wp:featuredmedia":[{"embeddable":true,"href":"https:\/\/nueeva.ca\/boutique\/wp-json\/wp\/v2\/media\/204"}],"wp:attachment":[{"href":"https:\/\/nueeva.ca\/boutique\/wp-json\/wp\/v2\/media?parent=139"}],"curies":[{"name":"wp","href":"https:\/\/api.w.org\/{rel}","templated":true}]}}