{"id":142,"date":"2019-05-10T18:32:15","date_gmt":"2019-05-10T16:32:15","guid":{"rendered":"https:\/\/nueeva.ca\/boutique\/?post_type=product&#038;p=142"},"modified":"2026-02-26T20:02:39","modified_gmt":"2026-02-26T19:02:39","slug":"global-pur-gel-nettoyant-fraicheur","status":"publish","type":"product","link":"https:\/\/nueeva.ca\/boutique\/product\/global-pur-gel-nettoyant-fraicheur\/","title":{"rendered":"GLOBAL PUR &#8211; Gel Nettoyant Fra\u00eecheur"},"content":{"rendered":"<p>PROPRI\u00c9T\u00c9S : Nettoie, assainit et pr\u00e9pare la peau au rasage.<br \/>\nACTIFS<br \/>\nOxhylium Marin : oxyg\u00e8ne, d\u00e9toxifie et revitalise l\u2019\u00e9piderme.<br \/>\nOligosaccharide Marin : actions s\u00e9bor\u00e9gulatrice, anti-bact\u00e9rienne et anti-inflammatoire.<br \/>\nCONSEIL PROFESSIONNEL : Utiliser matin et\/ou soir. \u00c9mulsionner du bout des doigts<br \/>\navec de l\u2019eau. Rincer \u00e0 l\u2019eau.<\/p>\n<p>Quantit\u00e9 : 150ml<\/p>\n","protected":false},"excerpt":{"rendered":"<p>PROPRI\u00c9T\u00c9S : Nettoie, assainit et pr\u00e9pare la peau au rasage. [&hellip;]<\/p>\n","protected":false},"featured_media":227,"comment_status":"open","ping_status":"closed","template":"","meta":{"spay_email":""},"_links":{"self":[{"href":"https:\/\/nueeva.ca\/boutique\/wp-json\/wp\/v2\/product\/142"}],"collection":[{"href":"https:\/\/nueeva.ca\/boutique\/wp-json\/wp\/v2\/product"}],"about":[{"href":"https:\/\/nueeva.ca\/boutique\/wp-json\/wp\/v2\/types\/product"}],"replies":[{"embeddable":true,"href":"https:\/\/nueeva.ca\/boutique\/wp-json\/wp\/v2\/comments?post=142"}],"wp:featuredmedia":[{"embeddable":true,"href":"https:\/\/nueeva.ca\/boutique\/wp-json\/wp\/v2\/media\/227"}],"wp:attachment":[{"href":"https:\/\/nueeva.ca\/boutique\/wp-json\/wp\/v2\/media?parent=142"}],"curies":[{"name":"wp","href":"https:\/\/api.w.org\/{rel}","templated":true}]}}