{"id":143,"date":"2019-05-10T18:35:27","date_gmt":"2019-05-10T16:35:27","guid":{"rendered":"https:\/\/nueeva.ca\/boutique\/?post_type=product&#038;p=143"},"modified":"2026-02-26T20:02:20","modified_gmt":"2026-02-26T19:02:20","slug":"hydra-originel-creme-fondante-desalterante","status":"publish","type":"product","link":"https:\/\/nueeva.ca\/boutique\/product\/hydra-originel-creme-fondante-desalterante\/","title":{"rendered":"HYDRA ORIGINEL &#8211; Cr\u00e8me Fondante D\u00e9salt\u00e9rante"},"content":{"rendered":"<p>PROPRI\u00c9T\u00c9S<br \/>\nD\u00e9licieusement onctueuse, cette cr\u00e8me d\u00e9livre une hydratation intense et durable pour une peau<br \/>\nconfortable, visiblement repulp\u00e9e et \u00e9clatante. Id\u00e9ale pour peaux normales \u00e0 s\u00e8ches.<br \/>\nACTIF DE R\u00c9F\u00c9RENCE<br \/>\nL\u2019ALGUE TISSEUSE : algue brune laminaire, pr\u00e9sente notamment en Bretagne, pour laquelle PHYTOMER<br \/>\na mis au point un programme de culture sur corde, afin de contr\u00f4ler l\u2019utilisation et la qualit\u00e9 de la ressource<br \/>\net de pr\u00e9server sa survie naturelle. Les scientifiques PHYTOMER ont d\u00e9couvert le pouvoir exceptionnel de<br \/>\nl\u2019Algue Tisseuse pour retenir l\u2019eau au c\u0153ur m\u00eame de la peau et ainsi pr\u00e9venir la d\u00e9shydratation. Elle<br \/>\nrestructure le r\u00e9servoir en eau de la peau pour une eau qui reste mieux stock\u00e9e et id\u00e9alement diffus\u00e9e<br \/>\ndans l\u2019\u00e9piderme. Les r\u00e9sultats hydratants sont exceptionnels : d\u00e8s la 1\u00e8re application la peau est id\u00e9alement<br \/>\nhydrat\u00e9e, en 2 semaines elle est parfaitement irrigu\u00e9e, comme d\u00e9salt\u00e9r\u00e9e.<br \/>\n+ Huile de Salicorne : am\u00e9liore la circulation et le stockage de l\u2019eau dans l\u2019\u00e9piderme.<br \/>\n+ Ph\u00e9ohydrane (Laminaria digitata) : hydrate, restructure le film hydrolipidique, fixe l\u2019eau dans les tissus<br \/>\npour un effet imm\u00e9diat et longue dur\u00e9e.<br \/>\n+ OLIGOMER\u00ae : apport id\u00e9al en oligo-\u00e9l\u00e9ments, fortifie l\u2019\u00e9piderme, pr\u00e9vient des fatigues cellulaires.<br \/>\nR\u00c9SULTATS CLINIQUES<br \/>\n100 % des femmes* trouvent leur peau id\u00e9alement hydrat\u00e9e d\u00e8s la 1\u00e8re application.<\/p>\n<p>Quantit\u00e9 : 50ml<\/p>\n","protected":false},"excerpt":{"rendered":"<p>PROPRI\u00c9T\u00c9S D\u00e9licieusement onctueuse, cette cr\u00e8me d\u00e9livre une hydratation intense et [&hellip;]<\/p>\n","protected":false},"featured_media":199,"comment_status":"open","ping_status":"closed","template":"","meta":{"spay_email":""},"_links":{"self":[{"href":"https:\/\/nueeva.ca\/boutique\/wp-json\/wp\/v2\/product\/143"}],"collection":[{"href":"https:\/\/nueeva.ca\/boutique\/wp-json\/wp\/v2\/product"}],"about":[{"href":"https:\/\/nueeva.ca\/boutique\/wp-json\/wp\/v2\/types\/product"}],"replies":[{"embeddable":true,"href":"https:\/\/nueeva.ca\/boutique\/wp-json\/wp\/v2\/comments?post=143"}],"wp:featuredmedia":[{"embeddable":true,"href":"https:\/\/nueeva.ca\/boutique\/wp-json\/wp\/v2\/media\/199"}],"wp:attachment":[{"href":"https:\/\/nueeva.ca\/boutique\/wp-json\/wp\/v2\/media?parent=143"}],"curies":[{"name":"wp","href":"https:\/\/api.w.org\/{rel}","templated":true}]}}