{"id":147,"date":"2019-05-10T18:42:53","date_gmt":"2019-05-10T16:42:53","guid":{"rendered":"https:\/\/nueeva.ca\/boutique\/?post_type=product&#038;p=147"},"modified":"2026-02-26T20:00:51","modified_gmt":"2026-02-26T19:00:51","slug":"hydralgue-masque-desalterant-rehydratant","status":"publish","type":"product","link":"https:\/\/nueeva.ca\/boutique\/product\/hydralgue-masque-desalterant-rehydratant\/","title":{"rendered":"HYDRALGUE &#8211; Masque D\u00e9salt\u00e9rant R\u00e9hydratant"},"content":{"rendered":"<p>PROPRI\u00c9T\u00c9S : Offre une double hydratation \u00e0 la peau : d\u00e9salt\u00e8re et r\u00e9hydrate. Infuse la<br \/>\npeau d\u2019agents hydratants et renforce la capacit\u00e9 de la peau \u00e0 mieux r\u00e9sister aux stress<br \/>\nd\u00e9shydratants.<br \/>\nACTIFS<br \/>\nAlgue Tisseuse Polaris\u00e9e : hydratation profonde, rapide et boost\u00e9e au c\u0153ur de la peau.<br \/>\nEau d\u2019Ajonc : contribue \u00e0 stimuler les prot\u00e9ines de coh\u00e9sion cellulaire et aide \u00e0 renforcer<br \/>\nla barri\u00e8re cutan\u00e9e.<br \/>\nCONSEIL PROFESSIONNEL : 1 \u00e0 2 fois par semaine, appliquer en couche moyenne sur<br \/>\nl&rsquo;ensemble du visage et du cou et laisser poser 5 \u00e0 10 minutes. Modeler l\u2019exc\u00e9dent et<br \/>\nrincer.<\/p>\n<p>Quantit\u00e9 : 50ml<\/p>\n","protected":false},"excerpt":{"rendered":"<p>PROPRI\u00c9T\u00c9S : Offre une double hydratation \u00e0 la peau : [&hellip;]<\/p>\n","protected":false},"featured_media":228,"comment_status":"open","ping_status":"closed","template":"","meta":{"spay_email":""},"_links":{"self":[{"href":"https:\/\/nueeva.ca\/boutique\/wp-json\/wp\/v2\/product\/147"}],"collection":[{"href":"https:\/\/nueeva.ca\/boutique\/wp-json\/wp\/v2\/product"}],"about":[{"href":"https:\/\/nueeva.ca\/boutique\/wp-json\/wp\/v2\/types\/product"}],"replies":[{"embeddable":true,"href":"https:\/\/nueeva.ca\/boutique\/wp-json\/wp\/v2\/comments?post=147"}],"wp:featuredmedia":[{"embeddable":true,"href":"https:\/\/nueeva.ca\/boutique\/wp-json\/wp\/v2\/media\/228"}],"wp:attachment":[{"href":"https:\/\/nueeva.ca\/boutique\/wp-json\/wp\/v2\/media?parent=147"}],"curies":[{"name":"wp","href":"https:\/\/api.w.org\/{rel}","templated":true}]}}