{"id":148,"date":"2019-05-10T18:43:43","date_gmt":"2019-05-10T16:43:43","guid":{"rendered":"https:\/\/nueeva.ca\/boutique\/?post_type=product&#038;p=148"},"modified":"2026-02-26T20:01:09","modified_gmt":"2026-02-26T19:01:09","slug":"hydralgue-nuit-creme-onctueuse-repulpante","status":"publish","type":"product","link":"https:\/\/nueeva.ca\/boutique\/product\/hydralgue-nuit-creme-onctueuse-repulpante\/","title":{"rendered":"HYDRALGUE NUIT &#8211; Cr\u00e8me Onctueuse Repulpante"},"content":{"rendered":"<p>PROPRI\u00c9T\u00c9S : Cette cr\u00e8me enveloppante ultra-confortable mise sur la synergie de 2 ingr\u00e9dients marins<br \/>\npour offrir \u00e0 la peau une hydratation optimale nocturne. D\u00e8s le 1er r\u00e9veil, la peau est comme gorg\u00e9e en<br \/>\neau. Nuit apr\u00e8s nuit, elle est visiblement repulp\u00e9e et revitalis\u00e9e.<br \/>\nACTIFS<br \/>\nHydrafusion : concentr\u00e9 high-tech d\u2019Oligofurcellarane, extrait de l\u2019algue rouge Furcellaria lumbricalis, tr\u00e8s<br \/>\nr\u00e9pandue dans les eaux scandinaves. Il est hydrolys\u00e9 par une m\u00e9thode d\u2019extraction verte, avant d\u2019\u00eatre<br \/>\ncombin\u00e9 \u00e0 un complexe de min\u00e9raux marins.<br \/>\nAlgue Tisseuse polaris\u00e9e et encapsul\u00e9e : hydratation plus profonde, plus rapide et boost\u00e9e au c\u0153ur de<br \/>\nla peau.<\/p>\n<p>Quantit\u00e9 : 50ml<\/p>\n","protected":false},"excerpt":{"rendered":"<p>PROPRI\u00c9T\u00c9S : Cette cr\u00e8me enveloppante ultra-confortable mise sur la synergie [&hellip;]<\/p>\n","protected":false},"featured_media":232,"comment_status":"open","ping_status":"closed","template":"","meta":{"spay_email":""},"_links":{"self":[{"href":"https:\/\/nueeva.ca\/boutique\/wp-json\/wp\/v2\/product\/148"}],"collection":[{"href":"https:\/\/nueeva.ca\/boutique\/wp-json\/wp\/v2\/product"}],"about":[{"href":"https:\/\/nueeva.ca\/boutique\/wp-json\/wp\/v2\/types\/product"}],"replies":[{"embeddable":true,"href":"https:\/\/nueeva.ca\/boutique\/wp-json\/wp\/v2\/comments?post=148"}],"wp:featuredmedia":[{"embeddable":true,"href":"https:\/\/nueeva.ca\/boutique\/wp-json\/wp\/v2\/media\/232"}],"wp:attachment":[{"href":"https:\/\/nueeva.ca\/boutique\/wp-json\/wp\/v2\/media?parent=148"}],"curies":[{"name":"wp","href":"https:\/\/api.w.org\/{rel}","templated":true}]}}