{"id":156,"date":"2019-05-10T20:15:24","date_gmt":"2019-05-10T18:15:24","guid":{"rendered":"https:\/\/nueeva.ca\/boutique\/?post_type=product&#038;p=156"},"modified":"2026-02-26T19:56:37","modified_gmt":"2026-02-26T18:56:37","slug":"oleocreme-soin-des-mains-ultra-nutrition","status":"publish","type":"product","link":"https:\/\/nueeva.ca\/boutique\/product\/oleocreme-soin-des-mains-ultra-nutrition\/","title":{"rendered":"OL\u00c9OCR\u00c8ME \u2013 Soin des Mains Ultra-Nutrition"},"content":{"rendered":"<p>PROPRI\u00c9T\u00c9S : Offre une mise en beaut\u00e9 compl\u00e8te des mains : Hydrate + Nourrit + R\u00e9conforte +<br \/>\nSoulage + Prot\u00e8ge<br \/>\nACTIFS<br \/>\nHuile de Mekabu : renforce la coh\u00e9sion cellulaire et la connexion \u00e9piderme-derme pour limiter les pertes<br \/>\nen eau.<br \/>\nHuile de Salicorne : am\u00e9liore la circulation et le stockage de l\u2019eau et de l\u2019ur\u00e9e dans l\u2019\u00e9piderme tout en<br \/>\nrenfor\u00e7ant la barri\u00e8re lipidique.<br \/>\nBeurre de karit\u00e9 : r\u00e9parateur, restructurant, nourrissant ; am\u00e9liore l\u2019\u00e9lasticit\u00e9 de la peau.<\/p>\n<p>Quantit\u00e9 : 50ml<\/p>\n","protected":false},"excerpt":{"rendered":"<p>PROPRI\u00c9T\u00c9S : Offre une mise en beaut\u00e9 compl\u00e8te des mains [&hellip;]<\/p>\n","protected":false},"featured_media":239,"comment_status":"open","ping_status":"closed","template":"","meta":{"spay_email":""},"_links":{"self":[{"href":"https:\/\/nueeva.ca\/boutique\/wp-json\/wp\/v2\/product\/156"}],"collection":[{"href":"https:\/\/nueeva.ca\/boutique\/wp-json\/wp\/v2\/product"}],"about":[{"href":"https:\/\/nueeva.ca\/boutique\/wp-json\/wp\/v2\/types\/product"}],"replies":[{"embeddable":true,"href":"https:\/\/nueeva.ca\/boutique\/wp-json\/wp\/v2\/comments?post=156"}],"wp:featuredmedia":[{"embeddable":true,"href":"https:\/\/nueeva.ca\/boutique\/wp-json\/wp\/v2\/media\/239"}],"wp:attachment":[{"href":"https:\/\/nueeva.ca\/boutique\/wp-json\/wp\/v2\/media?parent=156"}],"curies":[{"name":"wp","href":"https:\/\/api.w.org\/{rel}","templated":true}]}}