{"id":157,"date":"2019-05-10T20:16:51","date_gmt":"2019-05-10T18:16:51","guid":{"rendered":"https:\/\/nueeva.ca\/boutique\/?post_type=product&#038;p=157"},"modified":"2026-02-26T20:12:55","modified_gmt":"2026-02-26T19:12:55","slug":"oligoforce-serum-apaisant","status":"publish","type":"product","link":"https:\/\/nueeva.ca\/boutique\/product\/oligoforce-serum-apaisant\/","title":{"rendered":"OLIGOFORCE &#8211; S\u00e9rum Apaisant"},"content":{"rendered":"<p>PROPRI\u00c9T\u00c9S : Booster d\u2019efficacit\u00e9, il apaise les \u00e9pidermes sensibles et irrit\u00e9s.<br \/>\nACTIFS<br \/>\nPhycosaccharide de Laminaria Digitata : apaisant, anti-picotement, anti-inflammation ;<br \/>\nr\u00e9duit les rougeurs.<br \/>\nExtrait Purifi\u00e9 de Membrane de Levure : anti-irritant et anti-inflammatoire ; stimule le<br \/>\nsyst\u00e8me immunitaire et r\u00e9g\u00e9n\u00e8re les tissus l\u00e9s\u00e9s.<br \/>\nOLIGOMER\u00ae : apport id\u00e9al en oligo-\u00e9l\u00e9ments, fortifie l\u2019\u00e9piderme, pr\u00e9vient des fatigues<br \/>\ncellulaires.<br \/>\nCONSEIL PROFESSIONNEL : Appliquer quelques gouttes sur le visage et le cou, avant<br \/>\nla cr\u00e8me de soin ou le masque.<\/p>\n<p>Quantit\u00e9 : 30ml<\/p>\n","protected":false},"excerpt":{"rendered":"<p>PROPRI\u00c9T\u00c9S : Booster d\u2019efficacit\u00e9, il apaise les \u00e9pidermes sensibles et [&hellip;]<\/p>\n","protected":false},"featured_media":240,"comment_status":"open","ping_status":"closed","template":"","meta":{"spay_email":""},"_links":{"self":[{"href":"https:\/\/nueeva.ca\/boutique\/wp-json\/wp\/v2\/product\/157"}],"collection":[{"href":"https:\/\/nueeva.ca\/boutique\/wp-json\/wp\/v2\/product"}],"about":[{"href":"https:\/\/nueeva.ca\/boutique\/wp-json\/wp\/v2\/types\/product"}],"replies":[{"embeddable":true,"href":"https:\/\/nueeva.ca\/boutique\/wp-json\/wp\/v2\/comments?post=157"}],"wp:featuredmedia":[{"embeddable":true,"href":"https:\/\/nueeva.ca\/boutique\/wp-json\/wp\/v2\/media\/240"}],"wp:attachment":[{"href":"https:\/\/nueeva.ca\/boutique\/wp-json\/wp\/v2\/media?parent=157"}],"curies":[{"name":"wp","href":"https:\/\/api.w.org\/{rel}","templated":true}]}}