{"id":158,"date":"2019-05-10T20:18:41","date_gmt":"2019-05-10T18:18:41","guid":{"rendered":"https:\/\/nueeva.ca\/boutique\/?post_type=product&#038;p=158"},"modified":"2026-02-26T19:55:13","modified_gmt":"2026-02-26T18:55:13","slug":"oligomarine-tonique-peau-nette","status":"publish","type":"product","link":"https:\/\/nueeva.ca\/boutique\/product\/oligomarine-tonique-peau-nette\/","title":{"rendered":"OLIGOMARINE &#8211; Tonique Peau Nette"},"content":{"rendered":"<p>PROPRI\u00c9T\u00c9S : Id\u00e9al pour les peaux mixtes, cette eau tonique parfait le nettoyaged\u00e9maquillage pour faire peau nette.<br \/>\nACTIFS<br \/>\nEPS AMM, Absolute Marine Matifier* : apporte un effet matifiant global sans<br \/>\ndess\u00e8chement.<br \/>\nHamam\u00e9lis : purifie, tonifie la peau et aide \u00e0 resserrer les pores.<br \/>\nVitamine B3 : am\u00e9liore la fonction barri\u00e8re et la texture de la peau. Diminue la perte en<br \/>\neau dans l\u2019\u00e9piderme.<br \/>\nOLIGOMER\u00ae : apport id\u00e9al en oligo-\u00e9l\u00e9ments, fortifie l&rsquo;\u00e9piderme, pr\u00e9vient des fatigues<br \/>\ncellulaires.<\/p>\n<p>Quantit\u00e9 : 250ml<\/p>\n","protected":false},"excerpt":{"rendered":"<p>PROPRI\u00c9T\u00c9S : Id\u00e9al pour les peaux mixtes, cette eau tonique [&hellip;]<\/p>\n","protected":false},"featured_media":241,"comment_status":"open","ping_status":"closed","template":"","meta":{"spay_email":""},"_links":{"self":[{"href":"https:\/\/nueeva.ca\/boutique\/wp-json\/wp\/v2\/product\/158"}],"collection":[{"href":"https:\/\/nueeva.ca\/boutique\/wp-json\/wp\/v2\/product"}],"about":[{"href":"https:\/\/nueeva.ca\/boutique\/wp-json\/wp\/v2\/types\/product"}],"replies":[{"embeddable":true,"href":"https:\/\/nueeva.ca\/boutique\/wp-json\/wp\/v2\/comments?post=158"}],"wp:featuredmedia":[{"embeddable":true,"href":"https:\/\/nueeva.ca\/boutique\/wp-json\/wp\/v2\/media\/241"}],"wp:attachment":[{"href":"https:\/\/nueeva.ca\/boutique\/wp-json\/wp\/v2\/media?parent=158"}],"curies":[{"name":"wp","href":"https:\/\/api.w.org\/{rel}","templated":true}]}}