{"id":159,"date":"2019-05-10T20:20:46","date_gmt":"2019-05-10T18:20:46","guid":{"rendered":"https:\/\/nueeva.ca\/boutique\/?post_type=product&#038;p=159"},"modified":"2026-02-26T19:54:42","modified_gmt":"2026-02-26T18:54:42","slug":"oligopur-creme-controle-hydra-matifiante","status":"publish","type":"product","link":"https:\/\/nueeva.ca\/boutique\/product\/oligopur-creme-controle-hydra-matifiante\/","title":{"rendered":"OLIGOPUR &#8211; Cr\u00e8me Contr\u00f4le Hydra-Matifiante"},"content":{"rendered":"<p>PROPRI\u00c9T\u00c9S : Cette cr\u00e8me ultra-l\u00e9g\u00e8re \u00e9limine l\u2019aspect luisant des peaux \u00e0 tendance<br \/>\ngrasse. Elle aide \u00e0 retrouver une peau nette, mate et parfaitement hydrat\u00e9e.<br \/>\nACTIFS<br \/>\nNormaline : purifiante et anti-bact\u00e9rienne.<br \/>\nPh\u00e9ohydrane (Laminaria digitata) : hydrate, restructure le film hydrolipidique, fixe l\u2019eau<br \/>\ndans les tissus pour un effet longue dur\u00e9e.<br \/>\nS\u00e9bor\u00e9guline : matifiante, anti-bact\u00e9rienne et anti-inflammatoire.<br \/>\nOLIGOMER\u00ae : apport id\u00e9al en oligo-\u00e9l\u00e9ments, fortifie l\u2019\u00e9piderme, pr\u00e9vient des fatigues<br \/>\ncellulaires<\/p>\n<p>Quantit\u00e9 : 50ml<\/p>\n","protected":false},"excerpt":{"rendered":"<p>PROPRI\u00c9T\u00c9S : Cette cr\u00e8me ultra-l\u00e9g\u00e8re \u00e9limine l\u2019aspect luisant des peaux [&hellip;]<\/p>\n","protected":false},"featured_media":242,"comment_status":"open","ping_status":"closed","template":"","meta":{"spay_email":""},"_links":{"self":[{"href":"https:\/\/nueeva.ca\/boutique\/wp-json\/wp\/v2\/product\/159"}],"collection":[{"href":"https:\/\/nueeva.ca\/boutique\/wp-json\/wp\/v2\/product"}],"about":[{"href":"https:\/\/nueeva.ca\/boutique\/wp-json\/wp\/v2\/types\/product"}],"replies":[{"embeddable":true,"href":"https:\/\/nueeva.ca\/boutique\/wp-json\/wp\/v2\/comments?post=159"}],"wp:featuredmedia":[{"embeddable":true,"href":"https:\/\/nueeva.ca\/boutique\/wp-json\/wp\/v2\/media\/242"}],"wp:attachment":[{"href":"https:\/\/nueeva.ca\/boutique\/wp-json\/wp\/v2\/media?parent=159"}],"curies":[{"name":"wp","href":"https:\/\/api.w.org\/{rel}","templated":true}]}}