{"id":160,"date":"2019-05-10T20:37:30","date_gmt":"2019-05-10T18:37:30","guid":{"rendered":"https:\/\/nueeva.ca\/boutique\/?post_type=product&#038;p=160"},"modified":"2026-02-26T19:54:24","modified_gmt":"2026-02-26T18:54:24","slug":"oligopur-gel-cible-imperfections","status":"publish","type":"product","link":"https:\/\/nueeva.ca\/boutique\/product\/oligopur-gel-cible-imperfections\/","title":{"rendered":"OLIGOPUR &#8211; Gel Cibl\u00e9 Imperfections"},"content":{"rendered":"<p>PROPRI\u00c9T\u00c9S : SOS anti-boutons et anti-points noirs.<br \/>\nACTIFS<br \/>\nNormaline : purifiante et anti-bact\u00e9rienne.<br \/>\nAcide Salicylique : k\u00e9ratolitique doux.<br \/>\nCONSEIL PROFESSIONNEL : Appliquer localement sur les asp\u00e9rit\u00e9s sans les percer, \u00e0<br \/>\ntout moment de la journ\u00e9e. 2 \u00e0 3 fois par jour pendant 2 \u00e0 3 jours. Picotements et<br \/>\ndesquamations peuvent appara\u00eetre sans d\u00e9sagr\u00e9ment pour l\u2019\u00e9piderme.<\/p>\n","protected":false},"excerpt":{"rendered":"<p>PROPRI\u00c9T\u00c9S : SOS anti-boutons et anti-points noirs. ACTIFS Normaline : [&hellip;]<\/p>\n","protected":false},"featured_media":243,"comment_status":"open","ping_status":"closed","template":"","meta":{"spay_email":""},"_links":{"self":[{"href":"https:\/\/nueeva.ca\/boutique\/wp-json\/wp\/v2\/product\/160"}],"collection":[{"href":"https:\/\/nueeva.ca\/boutique\/wp-json\/wp\/v2\/product"}],"about":[{"href":"https:\/\/nueeva.ca\/boutique\/wp-json\/wp\/v2\/types\/product"}],"replies":[{"embeddable":true,"href":"https:\/\/nueeva.ca\/boutique\/wp-json\/wp\/v2\/comments?post=160"}],"wp:featuredmedia":[{"embeddable":true,"href":"https:\/\/nueeva.ca\/boutique\/wp-json\/wp\/v2\/media\/243"}],"wp:attachment":[{"href":"https:\/\/nueeva.ca\/boutique\/wp-json\/wp\/v2\/media?parent=160"}],"curies":[{"name":"wp","href":"https:\/\/api.w.org\/{rel}","templated":true}]}}