{"id":161,"date":"2019-05-10T20:41:33","date_gmt":"2019-05-10T18:41:33","guid":{"rendered":"https:\/\/nueeva.ca\/boutique\/?post_type=product&#038;p=161"},"modified":"2026-02-26T19:54:05","modified_gmt":"2026-02-26T18:54:05","slug":"oligopur-gel-nettoyant-purifiant","status":"publish","type":"product","link":"https:\/\/nueeva.ca\/boutique\/product\/oligopur-gel-nettoyant-purifiant\/","title":{"rendered":"OLIGOPUR &#8211; Gel Nettoyant Purifiant"},"content":{"rendered":"<p>PROPRI\u00c9T\u00c9S : Nettoie et d\u00e9sincruste les impuret\u00e9s.<br \/>\nACTIFS<br \/>\nNormaline : purifiante et anti-bact\u00e9rienne.<br \/>\nProt\u00e9ase : enzyme exfoliante.<br \/>\nCONSEIL PROFESSIONNEL : \u00c9mulsionner du bout des doigts et retirer \u00e0 l\u2019aide d\u2019un<br \/>\npapier absorbant ou rincer \u00e0 l\u2019eau.<\/p>\n<p>Quantit\u00e9 : 150ml<\/p>\n","protected":false},"excerpt":{"rendered":"<p>PROPRI\u00c9T\u00c9S : Nettoie et d\u00e9sincruste les impuret\u00e9s. ACTIFS Normaline : [&hellip;]<\/p>\n","protected":false},"featured_media":244,"comment_status":"open","ping_status":"closed","template":"","meta":{"spay_email":""},"_links":{"self":[{"href":"https:\/\/nueeva.ca\/boutique\/wp-json\/wp\/v2\/product\/161"}],"collection":[{"href":"https:\/\/nueeva.ca\/boutique\/wp-json\/wp\/v2\/product"}],"about":[{"href":"https:\/\/nueeva.ca\/boutique\/wp-json\/wp\/v2\/types\/product"}],"replies":[{"embeddable":true,"href":"https:\/\/nueeva.ca\/boutique\/wp-json\/wp\/v2\/comments?post=161"}],"wp:featuredmedia":[{"embeddable":true,"href":"https:\/\/nueeva.ca\/boutique\/wp-json\/wp\/v2\/media\/244"}],"wp:attachment":[{"href":"https:\/\/nueeva.ca\/boutique\/wp-json\/wp\/v2\/media?parent=161"}],"curies":[{"name":"wp","href":"https:\/\/api.w.org\/{rel}","templated":true}]}}