{"id":167,"date":"2019-05-10T21:30:59","date_gmt":"2019-05-10T19:30:59","guid":{"rendered":"https:\/\/nueeva.ca\/boutique\/?post_type=product&#038;p=167"},"modified":"2026-02-26T19:53:09","modified_gmt":"2026-02-26T18:53:09","slug":"peeling-vegetal-aux-enzymes-naturelles","status":"publish","type":"product","link":"https:\/\/nueeva.ca\/boutique\/product\/peeling-vegetal-aux-enzymes-naturelles\/","title":{"rendered":"PEELING V\u00c9G\u00c9TAL &#8211; Aux Enzymes Naturelles"},"content":{"rendered":"<p>PROPRI\u00c9T\u00c9S : Exfoliation enzymatique tr\u00e8s douce, id\u00e9ale pour les peaux les plus<br \/>\nsensibles.<br \/>\nACTIFS<br \/>\nPapa\u00efne : enzyme extraite du fruit de la papaye, \u00e9limine les impuret\u00e9s et les cellules<br \/>\nmortes.<br \/>\nExtraits de Laminaria Digitata : action hydratante.<br \/>\nCONSEIL PROFESSIONNEL : Une \u00e0 deux fois par semaine, appliquer sur le visage et le<br \/>\ncou en couche moyenne en \u00e9vitant le contour des yeux. Laisser agir 5 \u00e0 10 minutes, rincer<br \/>\npuis tonifier.<\/p>\n<p>Quantit\u00e9 : 50ml<\/p>\n","protected":false},"excerpt":{"rendered":"<p>PROPRI\u00c9T\u00c9S : Exfoliation enzymatique tr\u00e8s douce, id\u00e9ale pour les peaux [&hellip;]<\/p>\n","protected":false},"featured_media":248,"comment_status":"open","ping_status":"closed","template":"","meta":{"spay_email":""},"_links":{"self":[{"href":"https:\/\/nueeva.ca\/boutique\/wp-json\/wp\/v2\/product\/167"}],"collection":[{"href":"https:\/\/nueeva.ca\/boutique\/wp-json\/wp\/v2\/product"}],"about":[{"href":"https:\/\/nueeva.ca\/boutique\/wp-json\/wp\/v2\/types\/product"}],"replies":[{"embeddable":true,"href":"https:\/\/nueeva.ca\/boutique\/wp-json\/wp\/v2\/comments?post=167"}],"wp:featuredmedia":[{"embeddable":true,"href":"https:\/\/nueeva.ca\/boutique\/wp-json\/wp\/v2\/media\/248"}],"wp:attachment":[{"href":"https:\/\/nueeva.ca\/boutique\/wp-json\/wp\/v2\/media?parent=167"}],"curies":[{"name":"wp","href":"https:\/\/api.w.org\/{rel}","templated":true}]}}