{"id":168,"date":"2019-05-10T21:32:02","date_gmt":"2019-05-10T19:32:02","guid":{"rendered":"https:\/\/nueeva.ca\/boutique\/?post_type=product&#038;p=168"},"modified":"2026-02-26T19:52:51","modified_gmt":"2026-02-26T18:52:51","slug":"perfect-visage-lait-demaquillant-douceur","status":"publish","type":"product","link":"https:\/\/nueeva.ca\/boutique\/product\/perfect-visage-lait-demaquillant-douceur\/","title":{"rendered":"PERFECT VISAGE &#8211; Lait D\u00e9maquillant Douceur"},"content":{"rendered":"<p>PROPRI\u00c9T\u00c9S : \u00c9limine en douceur le maquillage et les impuret\u00e9s.<br \/>\nACTIFS<br \/>\nSor\u00e9nia (ajonc) : relaxante, apaisante.<br \/>\nPh\u00e9ohydrane (Laminaria digitata) : hydrate, restructure le film hydrolipidique, fixe l\u2019eau<br \/>\ndans les tissus pour un effet imm\u00e9diat et longue dur\u00e9e.<br \/>\nAgents nettoyants doux marins<br \/>\nCONSEIL PROFESSIONNEL : Appliquer sur l\u2019ensemble du visage et du cou \u00e0 l\u2019aide d\u2019un<br \/>\ncoton ou avec les doigts. Effectuer des mouvements circulaires, rincer puis tonifier<\/p>\n<p>Quantit\u00e9 : 250ml<\/p>\n","protected":false},"excerpt":{"rendered":"<p>PROPRI\u00c9T\u00c9S : \u00c9limine en douceur le maquillage et les impuret\u00e9s. [&hellip;]<\/p>\n","protected":false},"featured_media":250,"comment_status":"open","ping_status":"closed","template":"","meta":{"spay_email":""},"_links":{"self":[{"href":"https:\/\/nueeva.ca\/boutique\/wp-json\/wp\/v2\/product\/168"}],"collection":[{"href":"https:\/\/nueeva.ca\/boutique\/wp-json\/wp\/v2\/product"}],"about":[{"href":"https:\/\/nueeva.ca\/boutique\/wp-json\/wp\/v2\/types\/product"}],"replies":[{"embeddable":true,"href":"https:\/\/nueeva.ca\/boutique\/wp-json\/wp\/v2\/comments?post=168"}],"wp:featuredmedia":[{"embeddable":true,"href":"https:\/\/nueeva.ca\/boutique\/wp-json\/wp\/v2\/media\/250"}],"wp:attachment":[{"href":"https:\/\/nueeva.ca\/boutique\/wp-json\/wp\/v2\/media?parent=168"}],"curies":[{"name":"wp","href":"https:\/\/api.w.org\/{rel}","templated":true}]}}