{"id":170,"date":"2019-05-10T21:34:43","date_gmt":"2019-05-10T19:34:43","guid":{"rendered":"https:\/\/nueeva.ca\/boutique\/?post_type=product&#038;p=170"},"modified":"2026-02-26T19:51:11","modified_gmt":"2026-02-26T18:51:11","slug":"rasage-perfect-apres-rasage-apaisant-sans-alcool","status":"publish","type":"product","link":"https:\/\/nueeva.ca\/boutique\/product\/rasage-perfect-apres-rasage-apaisant-sans-alcool\/","title":{"rendered":"RASAGE PERFECT &#8211; Apr\u00e8s-Rasage Apaisant Sans Alcool"},"content":{"rendered":"<p>PROPRI\u00c9T\u00c9S : Calme le feu du rasoir et rafra\u00eechit.<br \/>\nACTIFS<br \/>\nOxhylium Marin (Corallina officinalis) : oxyg\u00e8ne, d\u00e9toxifie et revitalise l\u2019\u00e9piderme.<br \/>\nHuiles essentielles (romarin, cypr\u00e8s) : rafra\u00eechissantes, purifiantes.<br \/>\nOLIGOMER\u00ae : apport id\u00e9al en oligo-\u00e9l\u00e9ments, fortifie l\u2019\u00e9piderme, pr\u00e9vient des<br \/>\nfatigues cellulaires.<\/p>\n<p>Quantit\u00e9 : 100ml<\/p>\n<p>&nbsp;<\/p>\n","protected":false},"excerpt":{"rendered":"<p>PROPRI\u00c9T\u00c9S : Calme le feu du rasoir et rafra\u00eechit. ACTIFS [&hellip;]<\/p>\n","protected":false},"featured_media":252,"comment_status":"open","ping_status":"closed","template":"","meta":{"spay_email":""},"_links":{"self":[{"href":"https:\/\/nueeva.ca\/boutique\/wp-json\/wp\/v2\/product\/170"}],"collection":[{"href":"https:\/\/nueeva.ca\/boutique\/wp-json\/wp\/v2\/product"}],"about":[{"href":"https:\/\/nueeva.ca\/boutique\/wp-json\/wp\/v2\/types\/product"}],"replies":[{"embeddable":true,"href":"https:\/\/nueeva.ca\/boutique\/wp-json\/wp\/v2\/comments?post=170"}],"wp:featuredmedia":[{"embeddable":true,"href":"https:\/\/nueeva.ca\/boutique\/wp-json\/wp\/v2\/media\/252"}],"wp:attachment":[{"href":"https:\/\/nueeva.ca\/boutique\/wp-json\/wp\/v2\/media?parent=170"}],"curies":[{"name":"wp","href":"https:\/\/api.w.org\/{rel}","templated":true}]}}