{"id":171,"date":"2019-05-10T21:35:43","date_gmt":"2019-05-10T19:35:43","guid":{"rendered":"https:\/\/nueeva.ca\/boutique\/?post_type=product&#038;p=171"},"modified":"2026-02-26T19:51:39","modified_gmt":"2026-02-26T18:51:39","slug":"rasage-perfect-masque-a-raser","status":"publish","type":"product","link":"https:\/\/nueeva.ca\/boutique\/product\/rasage-perfect-masque-a-raser\/","title":{"rendered":"RASAGE PERFECT &#8211; Masque \u00e0 Raser"},"content":{"rendered":"<p>PROPRI\u00c9T\u00c9S : Produit 2-en-1 tr\u00e8s pratique qui s\u2019utilise en mousse \u00e0 raser et en masque<br \/>\nhydratant d\u00e9toxifiant pour un rasage tout en douceur.<br \/>\nACTIFS<br \/>\nOxhylium Marin (Corallina officinalis) : oxyg\u00e8ne, d\u00e9toxifie et revitalise l\u2019\u00e9piderme.<br \/>\nPh\u00e9ohydrane (Laminaria digitata) : hydrate, restructure le film hydrolipidique, fixe l\u2019eau<br \/>\ndans les tissus pour un effet imm\u00e9diat et longue dur\u00e9e.<br \/>\nCONSEIL PROFESSIONNEL : Au quotidien : humidifier la peau avec de l\u2019eau chaude,<br \/>\npuis appliquer en couche fine sur la zone \u00e0 raser. Proc\u00e9der au rasage puis rin\u00e7er. Ou 1<br \/>\n\u00e0 2 fois par semaine, appliquer le masque sur tout le visage. Laisser poser 5 minutes.<br \/>\nEnsuite, proc\u00e9der au rasage puis rincer.<\/p>\n<p>Quantit\u00e9 : 150ml<\/p>\n","protected":false},"excerpt":{"rendered":"<p>PROPRI\u00c9T\u00c9S : Produit 2-en-1 tr\u00e8s pratique qui s\u2019utilise en mousse [&hellip;]<\/p>\n","protected":false},"featured_media":253,"comment_status":"open","ping_status":"closed","template":"","meta":{"spay_email":""},"_links":{"self":[{"href":"https:\/\/nueeva.ca\/boutique\/wp-json\/wp\/v2\/product\/171"}],"collection":[{"href":"https:\/\/nueeva.ca\/boutique\/wp-json\/wp\/v2\/product"}],"about":[{"href":"https:\/\/nueeva.ca\/boutique\/wp-json\/wp\/v2\/types\/product"}],"replies":[{"embeddable":true,"href":"https:\/\/nueeva.ca\/boutique\/wp-json\/wp\/v2\/comments?post=171"}],"wp:featuredmedia":[{"embeddable":true,"href":"https:\/\/nueeva.ca\/boutique\/wp-json\/wp\/v2\/media\/253"}],"wp:attachment":[{"href":"https:\/\/nueeva.ca\/boutique\/wp-json\/wp\/v2\/media?parent=171"}],"curies":[{"name":"wp","href":"https:\/\/api.w.org\/{rel}","templated":true}]}}