{"id":172,"date":"2019-05-10T21:37:11","date_gmt":"2019-05-10T19:37:11","guid":{"rendered":"https:\/\/nueeva.ca\/boutique\/?post_type=product&#038;p=172"},"modified":"2026-02-26T20:37:15","modified_gmt":"2026-02-26T19:37:15","slug":"recharge-nuit-creme-renfort-jeunesse","status":"publish","type":"product","link":"https:\/\/nueeva.ca\/boutique\/product\/recharge-nuit-creme-renfort-jeunesse\/","title":{"rendered":"RECHARGE NUIT &#8211; Cr\u00e8me Renfort Jeunesse"},"content":{"rendered":"<p>PROPRI\u00c9T\u00c9S : Double effet r\u00e9novateur et revitalisant pour une peau recharg\u00e9e en jeunesse nuit apr\u00e8s nuit.<br \/>\nACTIFS<br \/>\nMicro-algue D-Tox : favorise l\u2019\u00e9limination des radicaux libres, des toxines, des polluants.<br \/>\nMannitol Marin : contribue \u00e0 recharger les cellules en \u00e9nergie.<\/p>\n<p>Quantit\u00e9 : 50ml<\/p>\n","protected":false},"excerpt":{"rendered":"<p>PROPRI\u00c9T\u00c9S : Double effet r\u00e9novateur et revitalisant pour une peau [&hellip;]<\/p>\n","protected":false},"featured_media":205,"comment_status":"open","ping_status":"closed","template":"","meta":{"spay_email":""},"_links":{"self":[{"href":"https:\/\/nueeva.ca\/boutique\/wp-json\/wp\/v2\/product\/172"}],"collection":[{"href":"https:\/\/nueeva.ca\/boutique\/wp-json\/wp\/v2\/product"}],"about":[{"href":"https:\/\/nueeva.ca\/boutique\/wp-json\/wp\/v2\/types\/product"}],"replies":[{"embeddable":true,"href":"https:\/\/nueeva.ca\/boutique\/wp-json\/wp\/v2\/comments?post=172"}],"wp:featuredmedia":[{"embeddable":true,"href":"https:\/\/nueeva.ca\/boutique\/wp-json\/wp\/v2\/media\/205"}],"wp:attachment":[{"href":"https:\/\/nueeva.ca\/boutique\/wp-json\/wp\/v2\/media?parent=172"}],"curies":[{"name":"wp","href":"https:\/\/api.w.org\/{rel}","templated":true}]}}