{"id":180,"date":"2019-05-10T21:53:19","date_gmt":"2019-05-10T19:53:19","guid":{"rendered":"https:\/\/nueeva.ca\/boutique\/?post_type=product&#038;p=180"},"modified":"2026-02-26T19:40:26","modified_gmt":"2026-02-26T18:40:26","slug":"rosee-soin-huile-regenerante-eclat","status":"publish","type":"product","link":"https:\/\/nueeva.ca\/boutique\/product\/rosee-soin-huile-regenerante-eclat\/","title":{"rendered":"ROS\u00c9E SOIN &#8211; Huile R\u00e9g\u00e9n\u00e9rante \u00c9clat"},"content":{"rendered":"<p>PROPRI\u00c9T\u00c9S Cette huile s\u00e8che \u00e0 la fois l\u00e9g\u00e8re et confortable r\u00e9g\u00e9n\u00e8re, nourrie, hydrate et<br \/>\nredonne de l\u2019\u00e9clat \u00e0 la peau.<br \/>\nACTIFS<br \/>\nHuile de Microalgue D-TOX : aide \u00e0 \u00e9liminer les radicaux libres, les toxines et les polluants qui perturbent<br \/>\nle bon fonctionnement des cellules.<br \/>\nHuile de Rose : apaise, prot\u00e8ge la peau et aide \u00e0 la r\u00e9g\u00e9n\u00e9ration de la peau.<br \/>\nHuile d\u2019Ajonc : active la synth\u00e8se des canaux en ur\u00e9e au sein de l\u2019\u00e9piderme et am\u00e9liore la coh\u00e9sion<br \/>\ncellulaire.<br \/>\nHuile de Jojoba : renforce le film hydrolipidique et prot\u00e8ge la peau contre la d\u00e9shydratation. Maintient la<br \/>\nsouplesse et l\u2019\u00e9lasticit\u00e9 de la peau.<\/p>\n<p>Quantit\u00e9 : 30ml<\/p>\n","protected":false},"excerpt":{"rendered":"<p>PROPRI\u00c9T\u00c9S Cette huile s\u00e8che \u00e0 la fois l\u00e9g\u00e8re et confortable [&hellip;]<\/p>\n","protected":false},"featured_media":260,"comment_status":"open","ping_status":"closed","template":"","meta":{"spay_email":""},"_links":{"self":[{"href":"https:\/\/nueeva.ca\/boutique\/wp-json\/wp\/v2\/product\/180"}],"collection":[{"href":"https:\/\/nueeva.ca\/boutique\/wp-json\/wp\/v2\/product"}],"about":[{"href":"https:\/\/nueeva.ca\/boutique\/wp-json\/wp\/v2\/types\/product"}],"replies":[{"embeddable":true,"href":"https:\/\/nueeva.ca\/boutique\/wp-json\/wp\/v2\/comments?post=180"}],"wp:featuredmedia":[{"embeddable":true,"href":"https:\/\/nueeva.ca\/boutique\/wp-json\/wp\/v2\/media\/260"}],"wp:attachment":[{"href":"https:\/\/nueeva.ca\/boutique\/wp-json\/wp\/v2\/media?parent=180"}],"curies":[{"name":"wp","href":"https:\/\/api.w.org\/{rel}","templated":true}]}}