{"id":181,"date":"2019-05-10T21:54:26","date_gmt":"2019-05-10T19:54:26","guid":{"rendered":"https:\/\/nueeva.ca\/boutique\/?post_type=product&#038;p=181"},"modified":"2026-02-26T19:44:00","modified_gmt":"2026-02-26T18:44:00","slug":"rosee-visage-lotion-demaquillante-tonique","status":"publish","type":"product","link":"https:\/\/nueeva.ca\/boutique\/product\/rosee-visage-lotion-demaquillante-tonique\/","title":{"rendered":"ROS\u00c9E VISAGE &#8211; Lotion D\u00e9maquillante Tonique"},"content":{"rendered":"<p>PROPRI\u00c9T\u00c9S : D\u00e9maquille et tonifie la peau en un seul geste.<br \/>\nACTIFS<br \/>\nSor\u00e9nia (ajonc) : relaxante, apaisante.<br \/>\nOLIGOMER\u00ae : apport id\u00e9al en oligo-\u00e9l\u00e9ments, fortifie l\u2019\u00e9piderme, pr\u00e9vient des fatigues<br \/>\ncellulaires.<br \/>\nEau de rose : adoucissante.<\/p>\n<p>Quantit\u00e9 : 250ml<\/p>\n","protected":false},"excerpt":{"rendered":"<p>PROPRI\u00c9T\u00c9S : D\u00e9maquille et tonifie la peau en un seul [&hellip;]<\/p>\n","protected":false},"featured_media":263,"comment_status":"open","ping_status":"closed","template":"","meta":{"spay_email":""},"_links":{"self":[{"href":"https:\/\/nueeva.ca\/boutique\/wp-json\/wp\/v2\/product\/181"}],"collection":[{"href":"https:\/\/nueeva.ca\/boutique\/wp-json\/wp\/v2\/product"}],"about":[{"href":"https:\/\/nueeva.ca\/boutique\/wp-json\/wp\/v2\/types\/product"}],"replies":[{"embeddable":true,"href":"https:\/\/nueeva.ca\/boutique\/wp-json\/wp\/v2\/comments?post=181"}],"wp:featuredmedia":[{"embeddable":true,"href":"https:\/\/nueeva.ca\/boutique\/wp-json\/wp\/v2\/media\/263"}],"wp:attachment":[{"href":"https:\/\/nueeva.ca\/boutique\/wp-json\/wp\/v2\/media?parent=181"}],"curies":[{"name":"wp","href":"https:\/\/api.w.org\/{rel}","templated":true}]}}