{"id":183,"date":"2019-05-10T21:56:53","date_gmt":"2019-05-10T19:56:53","guid":{"rendered":"https:\/\/nueeva.ca\/boutique\/?post_type=product&#038;p=183"},"modified":"2026-02-26T19:41:59","modified_gmt":"2026-02-26T18:41:59","slug":"scrub-marin-creme-de-gommage","status":"publish","type":"product","link":"https:\/\/nueeva.ca\/boutique\/product\/scrub-marin-creme-de-gommage\/","title":{"rendered":"SCRUB MARIN \u2013 Cr\u00e8me de Gommage"},"content":{"rendered":"<p>PROPRI\u00c9T\u00c9S : Ce gommage-cr\u00e8me onctueux nettoie et exfolie la peau en douceur pour r\u00e9v\u00e9ler une peau<br \/>\nplus nette, plus lisse et un teint \u00e9clatant.<br \/>\nACTIFS<br \/>\nDuo d\u2019exfoliants &#8211; Sable noir et Pierre ponce : exfoliation m\u00e9canique.<br \/>\nHuile de Chondrus crispus : hydratante.<br \/>\nOLIGOMER\u00ae : apport id\u00e9al en oligo-\u00e9l\u00e9ments, fortifie l\u2019\u00e9piderme, pr\u00e9vient des fatigues cellulaires.<\/p>\n<p>Quantit\u00e9 : 50ml<\/p>\n","protected":false},"excerpt":{"rendered":"<p>PROPRI\u00c9T\u00c9S : Ce gommage-cr\u00e8me onctueux nettoie et exfolie la peau [&hellip;]<\/p>\n","protected":false},"featured_media":265,"comment_status":"open","ping_status":"closed","template":"","meta":{"spay_email":""},"_links":{"self":[{"href":"https:\/\/nueeva.ca\/boutique\/wp-json\/wp\/v2\/product\/183"}],"collection":[{"href":"https:\/\/nueeva.ca\/boutique\/wp-json\/wp\/v2\/product"}],"about":[{"href":"https:\/\/nueeva.ca\/boutique\/wp-json\/wp\/v2\/types\/product"}],"replies":[{"embeddable":true,"href":"https:\/\/nueeva.ca\/boutique\/wp-json\/wp\/v2\/comments?post=183"}],"wp:featuredmedia":[{"embeddable":true,"href":"https:\/\/nueeva.ca\/boutique\/wp-json\/wp\/v2\/media\/265"}],"wp:attachment":[{"href":"https:\/\/nueeva.ca\/boutique\/wp-json\/wp\/v2\/media?parent=183"}],"curies":[{"name":"wp","href":"https:\/\/api.w.org\/{rel}","templated":true}]}}