{"id":184,"date":"2019-05-10T21:58:22","date_gmt":"2019-05-10T19:58:22","guid":{"rendered":"https:\/\/nueeva.ca\/boutique\/?post_type=product&#038;p=184"},"modified":"2023-11-15T15:38:41","modified_gmt":"2023-11-15T14:38:41","slug":"souffle-marin-creme-moussante-nettoyante","status":"publish","type":"product","link":"https:\/\/nueeva.ca\/boutique\/product\/souffle-marin-creme-moussante-nettoyante\/","title":{"rendered":"SOUFFLE MARIN &#8211; Cr\u00e8me Moussante Nettoyante"},"content":{"rendered":"<p>PROPRI\u00c9T\u00c9S : Nettoie la peau en douceur, r\u00e9v\u00e8le sa beaut\u00e9 naturelle et la lib\u00e8re des<br \/>\npolluants.<br \/>\nACTIFS<br \/>\nArm\u00e9ria Maritima : d\u00e9polluante.<br \/>\nSucre Marin Anti-Pollution : prot\u00e8ge la peau des polluants (m\u00e9taux lourds, tabac, etc.).<br \/>\nOLIGOMER\u00ae : apport id\u00e9al en oligo-\u00e9l\u00e9ments, fortifie l\u2019\u00e9piderme, pr\u00e9vient des fatigues<br \/>\ncellulaires.<\/p>\n<p>Quantit\u00e9 : 150ml<\/p>\n","protected":false},"excerpt":{"rendered":"<p>PROPRI\u00c9T\u00c9S : Nettoie la peau en douceur, r\u00e9v\u00e8le sa beaut\u00e9 [&hellip;]<\/p>\n","protected":false},"featured_media":266,"comment_status":"open","ping_status":"closed","template":"","meta":{"spay_email":""},"_links":{"self":[{"href":"https:\/\/nueeva.ca\/boutique\/wp-json\/wp\/v2\/product\/184"}],"collection":[{"href":"https:\/\/nueeva.ca\/boutique\/wp-json\/wp\/v2\/product"}],"about":[{"href":"https:\/\/nueeva.ca\/boutique\/wp-json\/wp\/v2\/types\/product"}],"replies":[{"embeddable":true,"href":"https:\/\/nueeva.ca\/boutique\/wp-json\/wp\/v2\/comments?post=184"}],"wp:featuredmedia":[{"embeddable":true,"href":"https:\/\/nueeva.ca\/boutique\/wp-json\/wp\/v2\/media\/266"}],"wp:attachment":[{"href":"https:\/\/nueeva.ca\/boutique\/wp-json\/wp\/v2\/media?parent=184"}],"curies":[{"name":"wp","href":"https:\/\/api.w.org\/{rel}","templated":true}]}}