{"id":185,"date":"2019-05-10T22:00:58","date_gmt":"2019-05-10T20:00:58","guid":{"rendered":"https:\/\/nueeva.ca\/boutique\/?post_type=product&#038;p=185"},"modified":"2026-02-26T19:40:55","modified_gmt":"2026-02-26T18:40:55","slug":"souffle-marin-serum-oxygenant-energisant","status":"publish","type":"product","link":"https:\/\/nueeva.ca\/boutique\/product\/souffle-marin-serum-oxygenant-energisant\/","title":{"rendered":"SOUFFLE MARIN &#8211; S\u00e9rum Oxyg\u00e9nant \u00c9nergisant"},"content":{"rendered":"<p>PROPRI\u00c9T\u00c9S<br \/>\nUn fluide doux et l\u00e9ger charg\u00e9 en actifs marins qui neutralisent les polluants et aident la peau \u00e0 mieux<br \/>\ns&rsquo;oxyg\u00e9ner pour un teint plus frais et une peau plus tonique.<br \/>\nACTIF DE R\u00c9F\u00c9RENCE<br \/>\nL\u2019ARMERIA MARITIMA : Cette plante de bord de mer a \u00e9t\u00e9 s\u00e9lectionn\u00e9e par la Recherche PHYTOMER<br \/>\npour sa capacit\u00e9 exceptionnelle \u00e0 survivre sur sites industriels hostiles en capturant la pollution contenue<br \/>\ndans le sol.<br \/>\nSon extrait est utilis\u00e9 pour d\u00e9toxiner le visage et le prot\u00e9ger de la pollution et du tabac.<br \/>\n+ Sucre Marin Anti-Pollution : avec l\u2019Arm\u00e9ria Maritima, il constitue un concentr\u00e9 d&rsquo;agents naturels d-tox.<br \/>\n+ Phormidiane : micro-algue aux propri\u00e9t\u00e9s d\u00e9polluantes, capable d&rsquo;acc\u00e9l\u00e9rer le renouvellement<br \/>\ncellulaire.<br \/>\n+ Oxyg\u00e9nol : augmente l\u2019assimilation de l\u2019oxyg\u00e8ne, booste la respiration cellulaire.<br \/>\n+ OLIGOMER\u00ae : apport id\u00e9al en oligo-\u00e9l\u00e9ments, fortifie l\u2019\u00e9piderme, pr\u00e9vient des fatigues cellulaires.<br \/>\nR\u00c9SULTATS CLINIQUES<br \/>\nPour 9 femmes sur 10*, le teint gagne en \u00e9clat d\u00e8s le 1er mois.<br \/>\nCONSEIL PROFESSIONNEL : Appliquer matin et soir sur le visage et le cou, seul ou avant la cr\u00e8me de<br \/>\nsoin habituelle. Il s\u2019utilise en cure (de 21 jours \u00e0 un mois, le temps du renouvellement cellulaire) ou tout au<br \/>\nlong de l\u2019ann\u00e9e.<\/p>\n<p>Quantit\u00e9 : 30ml<\/p>\n","protected":false},"excerpt":{"rendered":"<p>PROPRI\u00c9T\u00c9S Un fluide doux et l\u00e9ger charg\u00e9 en actifs marins [&hellip;]<\/p>\n","protected":false},"featured_media":189,"comment_status":"open","ping_status":"closed","template":"","meta":{"spay_email":""},"_links":{"self":[{"href":"https:\/\/nueeva.ca\/boutique\/wp-json\/wp\/v2\/product\/185"}],"collection":[{"href":"https:\/\/nueeva.ca\/boutique\/wp-json\/wp\/v2\/product"}],"about":[{"href":"https:\/\/nueeva.ca\/boutique\/wp-json\/wp\/v2\/types\/product"}],"replies":[{"embeddable":true,"href":"https:\/\/nueeva.ca\/boutique\/wp-json\/wp\/v2\/comments?post=185"}],"wp:featuredmedia":[{"embeddable":true,"href":"https:\/\/nueeva.ca\/boutique\/wp-json\/wp\/v2\/media\/189"}],"wp:attachment":[{"href":"https:\/\/nueeva.ca\/boutique\/wp-json\/wp\/v2\/media?parent=185"}],"curies":[{"name":"wp","href":"https:\/\/api.w.org\/{rel}","templated":true}]}}