{"id":186,"date":"2019-05-10T22:02:19","date_gmt":"2019-05-10T20:02:19","guid":{"rendered":"https:\/\/nueeva.ca\/boutique\/?post_type=product&#038;p=186"},"modified":"2026-02-26T19:43:02","modified_gmt":"2026-02-26T18:43:02","slug":"structuriste-creme-lift-fermete","status":"publish","type":"product","link":"https:\/\/nueeva.ca\/boutique\/product\/structuriste-creme-lift-fermete\/","title":{"rendered":"STRUCTURISTE &#8211; Cr\u00e8me Lift Fermet\u00e9"},"content":{"rendered":"<p>PROPRI\u00c9T\u00c9S : STRUCTURISTE s\u2019attaque aux signes visibles du rel\u00e2chement cutan\u00e9 : perte d\u2019\u00e9lasticit\u00e9,<br \/>\nmanque de densit\u00e9 et affaissement de l\u2019ovale du visage. Cette cr\u00e8me ultra-onctueuse, \u00e0 l\u2019effet tenseur<br \/>\ninstantan\u00e9, r\u00e9tablit jour apr\u00e8s jour les structures originelles du visage.<br \/>\nACTIFS<br \/>\nGMR &#8211; Global Marine Reshaper * Synth\u00e9tis\u00e9 naturellement par un micro-organisme planctonique marin pr\u00e9lev\u00e9 \u00e0<br \/>\nGu\u00e9rande, cet actif biotechnologique, op\u00e8re un triple r\u00e9agencement cutan\u00e9 \u00e0 360\u00b0. Il redensifie le matelas cutan\u00e9 en<br \/>\nfibres de soutien, consolide l\u2019architecture de la peau pour plus de maintien, et am\u00e9liore la coh\u00e9sion cellulaire \u00e0 la<br \/>\nsurface la peau**. Jour apr\u00e8s jour, la peau est visiblement plus ferme, plus tonique, comme lift\u00e9e. * Remodelant Marin<br \/>\nGlobal. ** Test in vitro sur ingr\u00e9dient<br \/>\n\u00c9CO-CHLORELLA Stimule les prot\u00e9ines de structure de la peau pour un effet fermet\u00e9 et anti-rel\u00e2chement.<br \/>\nEXTRAIT DE TR\u00c8FLE D\u2019EAU Lutte contre les radicaux libres, prot\u00e9geant ainsi la vitamine C, vitale dans la<br \/>\nmaturation du collag\u00e8ne pour une peau plus dense.<\/p>\n<p>Quantit\u00e9 : 50ml<\/p>\n","protected":false},"excerpt":{"rendered":"<p>PROPRI\u00c9T\u00c9S : STRUCTURISTE s\u2019attaque aux signes visibles du rel\u00e2chement cutan\u00e9 [&hellip;]<\/p>\n","protected":false},"featured_media":267,"comment_status":"open","ping_status":"closed","template":"","meta":{"spay_email":""},"_links":{"self":[{"href":"https:\/\/nueeva.ca\/boutique\/wp-json\/wp\/v2\/product\/186"}],"collection":[{"href":"https:\/\/nueeva.ca\/boutique\/wp-json\/wp\/v2\/product"}],"about":[{"href":"https:\/\/nueeva.ca\/boutique\/wp-json\/wp\/v2\/types\/product"}],"replies":[{"embeddable":true,"href":"https:\/\/nueeva.ca\/boutique\/wp-json\/wp\/v2\/comments?post=186"}],"wp:featuredmedia":[{"embeddable":true,"href":"https:\/\/nueeva.ca\/boutique\/wp-json\/wp\/v2\/media\/267"}],"wp:attachment":[{"href":"https:\/\/nueeva.ca\/boutique\/wp-json\/wp\/v2\/media?parent=186"}],"curies":[{"name":"wp","href":"https:\/\/api.w.org\/{rel}","templated":true}]}}