{"id":285,"date":"2019-05-14T16:01:34","date_gmt":"2019-05-14T14:01:34","guid":{"rendered":"https:\/\/nueeva.ca\/boutique\/?post_type=product&#038;p=285"},"modified":"2026-02-26T19:34:02","modified_gmt":"2026-02-26T18:34:02","slug":"gel-cible-peaux-grasses","status":"publish","type":"product","link":"https:\/\/nueeva.ca\/boutique\/product\/gel-cible-peaux-grasses\/","title":{"rendered":"GEL CIBL\u00c9 PEAUX GRASSES"},"content":{"rendered":"<div>\n<p>Ass\u00e9chant et correcteur, ce gel agit avec pr\u00e9cision sur les imperfections. Il am\u00e9liore rapidement l&rsquo;aspect de la peau et \u00e9vite les marques.<\/p>\n<p>Texture: Gel<\/p>\n<p>Types de peaux: Peaux \u00e0 imperfections localis\u00e9es<\/p>\n<p>R\u00e9sultats: Imperfections \u00e9limin\u00e9es<\/p>\n<\/div>\n<div>\n<div class=\"m_7412085203294501060m_-6744208839917452864gmail-m_927819712145911890gmail_signature\" dir=\"ltr\">\n<div dir=\"ltr\">Quantit\u00e9 : 30ml<\/div>\n<\/div>\n<\/div>\n","protected":false},"excerpt":{"rendered":"<p>Ass\u00e9chant et correcteur, ce gel agit avec pr\u00e9cision sur les [&hellip;]<\/p>\n","protected":false},"featured_media":286,"comment_status":"open","ping_status":"closed","template":"","meta":{"spay_email":""},"_links":{"self":[{"href":"https:\/\/nueeva.ca\/boutique\/wp-json\/wp\/v2\/product\/285"}],"collection":[{"href":"https:\/\/nueeva.ca\/boutique\/wp-json\/wp\/v2\/product"}],"about":[{"href":"https:\/\/nueeva.ca\/boutique\/wp-json\/wp\/v2\/types\/product"}],"replies":[{"embeddable":true,"href":"https:\/\/nueeva.ca\/boutique\/wp-json\/wp\/v2\/comments?post=285"}],"wp:featuredmedia":[{"embeddable":true,"href":"https:\/\/nueeva.ca\/boutique\/wp-json\/wp\/v2\/media\/286"}],"wp:attachment":[{"href":"https:\/\/nueeva.ca\/boutique\/wp-json\/wp\/v2\/media?parent=285"}],"curies":[{"name":"wp","href":"https:\/\/api.w.org\/{rel}","templated":true}]}}