{"id":54,"date":"2019-05-09T20:40:19","date_gmt":"2019-05-09T18:40:19","guid":{"rendered":"https:\/\/nueeva.ca\/boutique\/?post_type=product&#038;p=54"},"modified":"2026-02-26T20:21:13","modified_gmt":"2026-02-26T19:21:13","slug":"fluide-de-jour-fps30","status":"publish","type":"product","link":"https:\/\/nueeva.ca\/boutique\/product\/fluide-de-jour-fps30\/","title":{"rendered":"Fluide de Jour FPS30"},"content":{"rendered":"<p>Le Fluide de Jour FPS 30 non gras, non com\u00e9dog\u00e8ne et matifiant, contient des filtres solaires 100% min\u00e9raux pour une protection efficace contre les UVA et UVB.<\/p>\n","protected":false},"excerpt":{"rendered":"<p>\u00c9cran solaire avec filtres 100% min\u00e9raux qui offre une protection UVA-UVB large spectre. Sa formule est con\u00e7ue pour tous les types de peau, incluant les peaux mixtes, les peaux grasses et les peaux sensibles. Un incontournable \u00e0 int\u00e9grer quotidiennement dans votre rituel de soins. De texture ultral\u00e9g\u00e8re, fine et non grasse, ce soin aide \u00e0 pr\u00e9venir les signes de vieillissement et prot\u00e8ge la peau contre les UVA, les UVB et autres agressions ext\u00e9rieures.<\/p>\n<p>Conseils d\u2019utilisation<\/p>\n<p>Utiliser quotidiennement le matin ou \u00e0 chaque fois que vous pr\u00e9voyez \u00eatre expos\u00e9(e) \u00e0 l\u2019ext\u00e9rieur. Appliquer sur une peau bien ass\u00e9ch\u00e9e et pr\u00e9alablement nettoy\u00e9e avec le Nettoyant doux Pro-Derm. Bien agiter avant toute utilisation.<\/p>\n<p>&nbsp;<\/p>\n<p>Quantit\u00e9 : 50ml<\/p>\n","protected":false},"featured_media":49,"comment_status":"open","ping_status":"closed","template":"","meta":{"spay_email":""},"_links":{"self":[{"href":"https:\/\/nueeva.ca\/boutique\/wp-json\/wp\/v2\/product\/54"}],"collection":[{"href":"https:\/\/nueeva.ca\/boutique\/wp-json\/wp\/v2\/product"}],"about":[{"href":"https:\/\/nueeva.ca\/boutique\/wp-json\/wp\/v2\/types\/product"}],"replies":[{"embeddable":true,"href":"https:\/\/nueeva.ca\/boutique\/wp-json\/wp\/v2\/comments?post=54"}],"wp:featuredmedia":[{"embeddable":true,"href":"https:\/\/nueeva.ca\/boutique\/wp-json\/wp\/v2\/media\/49"}],"wp:attachment":[{"href":"https:\/\/nueeva.ca\/boutique\/wp-json\/wp\/v2\/media?parent=54"}],"curies":[{"name":"wp","href":"https:\/\/api.w.org\/{rel}","templated":true}]}}