{"id":62,"date":"2019-05-09T21:26:10","date_gmt":"2019-05-09T19:26:10","guid":{"rendered":"https:\/\/nueeva.ca\/boutique\/?post_type=product&#038;p=62"},"modified":"2026-02-26T20:20:10","modified_gmt":"2026-02-26T19:20:10","slug":"lotions-aha-bha","status":"publish","type":"product","link":"https:\/\/nueeva.ca\/boutique\/product\/lotions-aha-bha\/","title":{"rendered":"Lotion AHA-BHA  8-2"},"content":{"rendered":"<p>La Lotion AHA BHA contiennent de l\u2019acide glycolique (8 %) et de l\u2019acide salicylique (2 %). Leur texture est plus l\u00e9g\u00e8re que celle des cr\u00e8mes AHA, matifiante et enrichie d\u2019huiles essentielles. Elles \u00e9claircissent le teint, r\u00e9duisent les pouss\u00e9es d\u2019acn\u00e9 et les com\u00e9dons, sans provoquer d\u2019irritation.<\/p>\n","protected":false},"excerpt":{"rendered":"<p>Lotions l\u00e9g\u00e8res, convenant \u00e0 une peau normale, grasse ou \u00e0 tendance grasse, sujette \u00e0 l\u2019acn\u00e9 l\u00e9g\u00e8re, com\u00e9dons, pores dilat\u00e9s ou poils incarn\u00e9s (8-2).<\/p>\n<p>Conseils d\u2019utilisation<\/p>\n<p>Ces lotions s\u2019appliquent le soir sur une peau pr\u00e9alablement nettoy\u00e9e avec le Nettoyant Doux Pro-DermMD et bien ass\u00e9ch\u00e9e. La Lotion 8-2 est plus exfoliante que la 5-2, il est donc recommand\u00e9 de d\u00e9buter par l\u2019utilisation de la Lotion 5-2 (si application au visage). La Lotion 8-2 est particuli\u00e8rement efficace pour diminuer les poils incarn\u00e9s et la k\u00e9ratose pilaire (dans ces cas, il n\u2019est pas n\u00e9cessaire de d\u00e9buter par la Lotion 5-2).<\/p>\n<p>Quantit\u00e9 : 60ml<\/p>\n","protected":false},"featured_media":96,"comment_status":"open","ping_status":"closed","template":"","meta":{"spay_email":""},"_links":{"self":[{"href":"https:\/\/nueeva.ca\/boutique\/wp-json\/wp\/v2\/product\/62"}],"collection":[{"href":"https:\/\/nueeva.ca\/boutique\/wp-json\/wp\/v2\/product"}],"about":[{"href":"https:\/\/nueeva.ca\/boutique\/wp-json\/wp\/v2\/types\/product"}],"replies":[{"embeddable":true,"href":"https:\/\/nueeva.ca\/boutique\/wp-json\/wp\/v2\/comments?post=62"}],"wp:featuredmedia":[{"embeddable":true,"href":"https:\/\/nueeva.ca\/boutique\/wp-json\/wp\/v2\/media\/96"}],"wp:attachment":[{"href":"https:\/\/nueeva.ca\/boutique\/wp-json\/wp\/v2\/media?parent=62"}],"curies":[{"name":"wp","href":"https:\/\/api.w.org\/{rel}","templated":true}]}}