{"id":71,"date":"2019-05-09T21:45:20","date_gmt":"2019-05-09T19:45:20","guid":{"rendered":"https:\/\/nueeva.ca\/boutique\/?post_type=product&#038;p=71"},"modified":"2026-02-26T20:18:40","modified_gmt":"2026-02-26T19:18:40","slug":"sculptexpert-soin-anti-age-remodelant-pour-le-corps","status":"publish","type":"product","link":"https:\/\/nueeva.ca\/boutique\/product\/sculptexpert-soin-anti-age-remodelant-pour-le-corps\/","title":{"rendered":"Sculpt\u2019Expert soin anti-\u00e2ge remodelant pour le corps"},"content":{"rendered":"<p>Sculpt\u2019Expert favorise la r\u00e9duction des lourdeurs localis\u00e9es r\u00e9sistantes et aide \u00e0 lutter contre leur r\u00e9apparition. Il am\u00e9liore visiblement la tonicit\u00e9 du corps au niveau des zones particuli\u00e8rement sensibles au rel\u00e2chement cutan\u00e9 caus\u00e9 par l\u2019\u00e2ge, la grossesse, le manque d\u2019exercice physique. Le corps est resculpt\u00e9, la silhouette remodel\u00e9e.<\/p>\n","protected":false},"excerpt":{"rendered":"<p>Cr\u00e8me anti-\u00e2ge remodelante pour le corps con\u00e7ue pour tous les types de peau. Aide \u00e0 tonifier la peau au niveau de l\u2019abdomen, des cuisses, de l\u2019int\u00e9rieur des genoux, et des bras. Rajeunit la silhouette.<\/p>\n<p>Conseils d\u2019utilisation<\/p>\n<p>Appliquer Sculpt\u2019Expert sur les zones les plus critiques du corps (abdomen, hanches, cuisses, genoux, bras)\u00a02 fois par jour pendant 8 semaines. Masser par l\u00e9gers mouvements circulaires, jusqu\u2019\u00e0 absorption compl\u00e8te du produit. Une utilisation prolong\u00e9e apr\u00e8s 8 semaines de traitement aide \u00e0 maintenir la silhouette obtenue.La pratique r\u00e9guli\u00e8re d\u2019un exercice physique d\u2019endurance augmente les r\u00e9sultats. Pour des r\u00e9sultats optimaux, appliquer Sculpt\u2019Expert sur les zones critiques,\u00a0matin et soir ET avant et apr\u00e8s la s\u00e9ance d\u2019entra\u00eenement.<\/p>\n<p>Quantit\u00e9 : 200ml<\/p>\n","protected":false},"featured_media":100,"comment_status":"open","ping_status":"closed","template":"","meta":{"spay_email":""},"_links":{"self":[{"href":"https:\/\/nueeva.ca\/boutique\/wp-json\/wp\/v2\/product\/71"}],"collection":[{"href":"https:\/\/nueeva.ca\/boutique\/wp-json\/wp\/v2\/product"}],"about":[{"href":"https:\/\/nueeva.ca\/boutique\/wp-json\/wp\/v2\/types\/product"}],"replies":[{"embeddable":true,"href":"https:\/\/nueeva.ca\/boutique\/wp-json\/wp\/v2\/comments?post=71"}],"wp:featuredmedia":[{"embeddable":true,"href":"https:\/\/nueeva.ca\/boutique\/wp-json\/wp\/v2\/media\/100"}],"wp:attachment":[{"href":"https:\/\/nueeva.ca\/boutique\/wp-json\/wp\/v2\/media?parent=71"}],"curies":[{"name":"wp","href":"https:\/\/api.w.org\/{rel}","templated":true}]}}