{"id":74,"date":"2019-05-09T21:51:03","date_gmt":"2019-05-09T19:51:03","guid":{"rendered":"https:\/\/nueeva.ca\/boutique\/?post_type=product&#038;p=74"},"modified":"2026-02-26T20:18:00","modified_gmt":"2026-02-26T19:18:00","slug":"liftense","status":"publish","type":"product","link":"https:\/\/nueeva.ca\/boutique\/product\/liftense\/","title":{"rendered":"Liftense"},"content":{"rendered":"<p>Une formulation anti-\u00e2ge luxueuse, unique, et une concentration en peptides des plus g\u00e9n\u00e9reuses. Le complexe peptidique est enrichi des ingr\u00e9dients de la plus haute qualit\u00e9 sp\u00e9cialement s\u00e9lectionn\u00e9s pour leur action antiride, protectrice, r\u00e9paratrice, hydratante et \u00e0 effet \u00ablift\u00bb. Liftense\u00a0laisse un fini agr\u00e9ablement doux et discret. Elle optimise les r\u00e9sultats des traitements m\u00e9dicaux de rajeunissement (traitements laser, injectables, etc.).<\/p>\n","protected":false},"excerpt":{"rendered":"<p>Cr\u00e8me antiride, antioxydante, hydratante et \u00e0 effet \u00ab lift \u00bb pour le visage, contour des yeux et cou. Convient \u00e0 une peau normale \u00e0 tendance s\u00e8che.<\/p>\n<p>Conseils d\u2019utilisation<\/p>\n<p>Sur une peau pr\u00e9alablement nettoy\u00e9e avec le Nettoyant facial doux de Pro-DermMD, appliquer Liftense\u00a0matin et soir et bien faire p\u00e9n\u00e9trer. Si une cr\u00e8me protectrice avec facteur FPS est n\u00e9cessaire, les produits protecteurs Pro-DermMD\u00a0sont compatibles.<\/p>\n<p>Quantit\u00e9 : 50ml<\/p>\n","protected":false},"featured_media":75,"comment_status":"open","ping_status":"closed","template":"","meta":{"spay_email":""},"_links":{"self":[{"href":"https:\/\/nueeva.ca\/boutique\/wp-json\/wp\/v2\/product\/74"}],"collection":[{"href":"https:\/\/nueeva.ca\/boutique\/wp-json\/wp\/v2\/product"}],"about":[{"href":"https:\/\/nueeva.ca\/boutique\/wp-json\/wp\/v2\/types\/product"}],"replies":[{"embeddable":true,"href":"https:\/\/nueeva.ca\/boutique\/wp-json\/wp\/v2\/comments?post=74"}],"wp:featuredmedia":[{"embeddable":true,"href":"https:\/\/nueeva.ca\/boutique\/wp-json\/wp\/v2\/media\/75"}],"wp:attachment":[{"href":"https:\/\/nueeva.ca\/boutique\/wp-json\/wp\/v2\/media?parent=74"}],"curies":[{"name":"wp","href":"https:\/\/api.w.org\/{rel}","templated":true}]}}