{"id":78,"date":"2019-05-09T21:54:16","date_gmt":"2019-05-09T19:54:16","guid":{"rendered":"https:\/\/nueeva.ca\/boutique\/?post_type=product&#038;p=78"},"modified":"2026-02-26T20:17:36","modified_gmt":"2026-02-26T19:17:36","slug":"liftense-contour","status":"publish","type":"product","link":"https:\/\/nueeva.ca\/boutique\/product\/liftense-contour\/","title":{"rendered":"Liftense Contour"},"content":{"rendered":"<p>Liftense\u00a0Contour est une formule anti-\u00e2ge unique con\u00e7ue pour la r\u00e9gion sp\u00e9cifique du contour des yeux et des l\u00e8vres. Son complexe peptidique, hautement concentr\u00e9, agit rapidement pour un coup d&rsquo;\u00e9clat instantan\u00e9 et qui perdure toute la journ\u00e9e. Utilis\u00e9e r\u00e9guli\u00e8rement, elle diminue l&rsquo;apparence des rides et ridules et optimise les r\u00e9sultats des traitements m\u00e9dicaux de rajeunissement. Elle peut \u00eatre appliqu\u00e9e aussi souvent que d\u00e9sir\u00e9.<\/p>\n","protected":false},"excerpt":{"rendered":"<p>Formule antiride, antioxydante, hydratante et \u00e0 effet \u00ab lift \u00bb pour le contour des yeux et des l\u00e8vres. Convient \u00e0 tous les types de peau.<\/p>\n<p>Conseils d\u2019utilisation<\/p>\n<p>Appuyer sur la pompe \u00e0 la base du tube et appliquer au niveau du contour de l\u2019\u0153il et\/ou du contour des l\u00e8vres. Utiliser au besoin.<\/p>\n<p>Quantit\u00e9 : 10ml<\/p>\n","protected":false},"featured_media":79,"comment_status":"open","ping_status":"closed","template":"","meta":{"spay_email":""},"_links":{"self":[{"href":"https:\/\/nueeva.ca\/boutique\/wp-json\/wp\/v2\/product\/78"}],"collection":[{"href":"https:\/\/nueeva.ca\/boutique\/wp-json\/wp\/v2\/product"}],"about":[{"href":"https:\/\/nueeva.ca\/boutique\/wp-json\/wp\/v2\/types\/product"}],"replies":[{"embeddable":true,"href":"https:\/\/nueeva.ca\/boutique\/wp-json\/wp\/v2\/comments?post=78"}],"wp:featuredmedia":[{"embeddable":true,"href":"https:\/\/nueeva.ca\/boutique\/wp-json\/wp\/v2\/media\/79"}],"wp:attachment":[{"href":"https:\/\/nueeva.ca\/boutique\/wp-json\/wp\/v2\/media?parent=78"}],"curies":[{"name":"wp","href":"https:\/\/api.w.org\/{rel}","templated":true}]}}