{"id":80,"date":"2019-05-09T21:57:50","date_gmt":"2019-05-09T19:57:50","guid":{"rendered":"https:\/\/nueeva.ca\/boutique\/?post_type=product&#038;p=80"},"modified":"2026-02-26T20:17:19","modified_gmt":"2026-02-26T19:17:19","slug":"creme-de-jour-stemyouth-texture-legere","status":"publish","type":"product","link":"https:\/\/nueeva.ca\/boutique\/product\/creme-de-jour-stemyouth-texture-legere\/","title":{"rendered":"Cr\u00e8me de Jour StemYouth \u2013 Texture l\u00e9g\u00e8re"},"content":{"rendered":"<p>C\u2019est en cherchant \u00e0 pr\u00e9server ces formidables cellules que nos chercheurs ont mis le doigt sur les cellules souches v\u00e9g\u00e9tales de pomme et d\u2019argan, elle permettent de prot\u00e9ger et revitaliser les cellules souches cutan\u00e9es en optimisant le potentiel de r\u00e9g\u00e9n\u00e9ration de la peau. Agissant au coeur m\u00eame des cellules, la Cr\u00e8me de jour StemYouth aide \u00e0 combattre les effets du temps tout en pr\u00e9venant l\u2019accentuation pr\u00e9matur\u00e9e des signes de l\u2019\u00e2ge.<\/p>\n","protected":false},"excerpt":{"rendered":"<p>Cr\u00e8me de jour anti-\u00e2ge renfermant une technologie bas\u00e9e sur les cellules souches v\u00e9g\u00e9tales et dot\u00e9e d\u2019une protection antioxydante contre les UVA et les infrarouges. Pour les peaux normales \u00e0 mixtes, incluant les plus sensibles.<\/p>\n<p>Conseils d\u2019utilisation<\/p>\n<p>Le matin, apr\u00e8s un nettoyage minutieux de la peau, appliqu\u00e9 en petite quantit\u00e9 sur le visage et le cou. Faire p\u00e9n\u00e9trer par de l\u00e9gers effleurages. Proc\u00e9der au maquillage si d\u00e9sir\u00e9.<\/p>\n<p>Quantit\u00e9 : 50ml<\/p>\n","protected":false},"featured_media":106,"comment_status":"open","ping_status":"closed","template":"","meta":{"spay_email":""},"_links":{"self":[{"href":"https:\/\/nueeva.ca\/boutique\/wp-json\/wp\/v2\/product\/80"}],"collection":[{"href":"https:\/\/nueeva.ca\/boutique\/wp-json\/wp\/v2\/product"}],"about":[{"href":"https:\/\/nueeva.ca\/boutique\/wp-json\/wp\/v2\/types\/product"}],"replies":[{"embeddable":true,"href":"https:\/\/nueeva.ca\/boutique\/wp-json\/wp\/v2\/comments?post=80"}],"wp:featuredmedia":[{"embeddable":true,"href":"https:\/\/nueeva.ca\/boutique\/wp-json\/wp\/v2\/media\/106"}],"wp:attachment":[{"href":"https:\/\/nueeva.ca\/boutique\/wp-json\/wp\/v2\/media?parent=80"}],"curies":[{"name":"wp","href":"https:\/\/api.w.org\/{rel}","templated":true}]}}