{"id":82,"date":"2019-05-09T22:01:31","date_gmt":"2019-05-09T20:01:31","guid":{"rendered":"https:\/\/nueeva.ca\/boutique\/?post_type=product&#038;p=82"},"modified":"2026-02-26T20:16:30","modified_gmt":"2026-02-26T19:16:30","slug":"creme-de-nuit-stemyouth","status":"publish","type":"product","link":"https:\/\/nueeva.ca\/boutique\/product\/creme-de-nuit-stemyouth\/","title":{"rendered":"Cr\u00e8me de Nuit StemYouth"},"content":{"rendered":"<p>Ce soin fait appel aux sirtuines, prot\u00e9ines de la long\u00e9vit\u00e9, afin de veiller sur votre peau durant votre sommeil. Pour relancer l\u2019activit\u00e9 de ces sirtuines, notre \u00e9quipe de scientifiques a identifi\u00e9 un extrait de riz aux propri\u00e9t\u00e9s exceptionnelles. Gr\u00e2ce \u00e0 cet actif, la dur\u00e9e de vie de chaque cellule est accrue* \u00abet\u00bb les signes de l\u2019\u00e2ge (rides, rel\u00e2chement cutan\u00e9, perte d\u2019\u00e9clat) sont moins apparents.<\/p>\n","protected":false},"excerpt":{"rendered":"<p>Cr\u00e8me de nuit anti-\u00e2ge renfermant une technologie bas\u00e9e sur les cellules souches v\u00e9g\u00e9tales et dot\u00e9e d\u2019une protection antioxydante contre les UVA et les infrarouges. Pour tous les types de peau, incluant les plus sensibles.<\/p>\n<p>Conseils d\u2019utilisation<\/p>\n<p>Le soir, sur une peau parfaitement nettoy\u00e9e appliquer une petite quantit\u00e9 de la Cr\u00e8me de nuit StemYouth sur le visage et le cou. Faire p\u00e9n\u00e9trer par de l\u00e9gers effleurages.<\/p>\n<p>Quantit\u00e9 : 50ml<\/p>\n","protected":false},"featured_media":104,"comment_status":"open","ping_status":"closed","template":"","meta":{"spay_email":""},"_links":{"self":[{"href":"https:\/\/nueeva.ca\/boutique\/wp-json\/wp\/v2\/product\/82"}],"collection":[{"href":"https:\/\/nueeva.ca\/boutique\/wp-json\/wp\/v2\/product"}],"about":[{"href":"https:\/\/nueeva.ca\/boutique\/wp-json\/wp\/v2\/types\/product"}],"replies":[{"embeddable":true,"href":"https:\/\/nueeva.ca\/boutique\/wp-json\/wp\/v2\/comments?post=82"}],"wp:featuredmedia":[{"embeddable":true,"href":"https:\/\/nueeva.ca\/boutique\/wp-json\/wp\/v2\/media\/104"}],"wp:attachment":[{"href":"https:\/\/nueeva.ca\/boutique\/wp-json\/wp\/v2\/media?parent=82"}],"curies":[{"name":"wp","href":"https:\/\/api.w.org\/{rel}","templated":true}]}}