{"id":83,"date":"2019-05-09T22:03:05","date_gmt":"2019-05-09T20:03:05","guid":{"rendered":"https:\/\/nueeva.ca\/boutique\/?post_type=product&#038;p=83"},"modified":"2026-02-26T20:16:17","modified_gmt":"2026-02-26T19:16:17","slug":"serum-stemyouth","status":"publish","type":"product","link":"https:\/\/nueeva.ca\/boutique\/product\/serum-stemyouth\/","title":{"rendered":"S\u00e9rum StemYouth"},"content":{"rendered":"<p>Notre S\u00e9rum StemYouth r\u00e9active les g\u00e8nes pro-jeunesse et relancer le processus de synchronisation naturel de chaque cellule pour permettre l\u2019optimisation de la protection, le jour et de la r\u00e9g\u00e9n\u00e9ration, la nuit. Plus que jamais, les cellules fonctionnent avec un maximum d\u2019efficacit\u00e9 pour r\u00e9parer, r\u00e9g\u00e9n\u00e9rer, prot\u00e9ger, raffermir et rajeunir visiblement la peau.<\/p>\n","protected":false},"excerpt":{"rendered":"<p>S\u00e9rum anti-\u00e2ge (Soin anti-\u00e2ge ultra-concentr\u00e9) renfermant une technologie bas\u00e9e sur les cellules souches v\u00e9g\u00e9tales et dot\u00e9 d\u2019une protection antioxydante contre les UVA et les infrarouges<\/p>\n<p>Conseils d\u2019utilisation<\/p>\n<p>Matin et soir, apr\u00e8s un nettoyage minutieux de la peau, appliquer 1 \u00e0 2 coups de pompe de S\u00e9rum StemYouth sur le visage et le cou et faire p\u00e9n\u00e9trer par de l\u00e9gers effleurages. Appliquer ensuite la cr\u00e8me de jour ou de nuit StemYouth.<\/p>\n<p>Quantit\u00e9 : 50ml<\/p>\n","protected":false},"featured_media":102,"comment_status":"open","ping_status":"closed","template":"","meta":{"spay_email":""},"_links":{"self":[{"href":"https:\/\/nueeva.ca\/boutique\/wp-json\/wp\/v2\/product\/83"}],"collection":[{"href":"https:\/\/nueeva.ca\/boutique\/wp-json\/wp\/v2\/product"}],"about":[{"href":"https:\/\/nueeva.ca\/boutique\/wp-json\/wp\/v2\/types\/product"}],"replies":[{"embeddable":true,"href":"https:\/\/nueeva.ca\/boutique\/wp-json\/wp\/v2\/comments?post=83"}],"wp:featuredmedia":[{"embeddable":true,"href":"https:\/\/nueeva.ca\/boutique\/wp-json\/wp\/v2\/media\/102"}],"wp:attachment":[{"href":"https:\/\/nueeva.ca\/boutique\/wp-json\/wp\/v2\/media?parent=83"}],"curies":[{"name":"wp","href":"https:\/\/api.w.org\/{rel}","templated":true}]}}