{"id":84,"date":"2019-05-09T22:05:31","date_gmt":"2019-05-09T20:05:31","guid":{"rendered":"https:\/\/nueeva.ca\/boutique\/?post_type=product&#038;p=84"},"modified":"2024-06-17T21:01:46","modified_gmt":"2024-06-17T19:01:46","slug":"masque-tissu-tenseur-anti-fatigue-stemyouth","status":"publish","type":"product","link":"https:\/\/nueeva.ca\/boutique\/product\/masque-tissu-tenseur-anti-fatigue-stemyouth\/","title":{"rendered":"Masque tissu tenseur anti-fatigue StemYouth"},"content":{"rendered":"<p>Masque en mati\u00e8re tissu impr\u00e9gn\u00e9 d\u2019un s\u00e9rum anti-\u00e2ge hautement concentr\u00e9. Sa forme \u00e9pouse parfaitement les contours du visage et du menton pour une interaction optimale des actifs avec la peau. Sa d\u00e9coupe sp\u00e9cifique renforce son maintien et favorise un effet tenseur imm\u00e9diat.<\/p>\n","protected":false},"excerpt":{"rendered":"<p>Masque tissu anti-\u00e2ge renfermant une technologie bas\u00e9e sur les cellules souches v\u00e9g\u00e9tales<\/p>\n<h3>Conseils d\u2019utilisation<\/h3>\n<ol>\n<li>Nettoyer minutieusement le visage et le cou.<\/li>\n<li>Ouvrir le sachet en aluminium et d\u00e9plier le masque tissu.<\/li>\n<li>Appliquer la surface la plus importante sur la totalit\u00e9 du visage et la fixer en accrochant les encoches derri\u00e8re les oreilles. Ajuster la partie inf\u00e9rieure au menton et la fixer \u00e9galement derri\u00e8re les oreilles.<\/li>\n<li>Laisser poser 15 \u00e0 20 minutes. Retirer le masque et masser doucement pour faire p\u00e9n\u00e9trer l\u2019exc\u00e9dent de s\u00e9rum. Ne pas rincer.<\/li>\n<\/ol>\n","protected":false},"featured_media":105,"comment_status":"open","ping_status":"closed","template":"","meta":{"spay_email":""},"_links":{"self":[{"href":"https:\/\/nueeva.ca\/boutique\/wp-json\/wp\/v2\/product\/84"}],"collection":[{"href":"https:\/\/nueeva.ca\/boutique\/wp-json\/wp\/v2\/product"}],"about":[{"href":"https:\/\/nueeva.ca\/boutique\/wp-json\/wp\/v2\/types\/product"}],"replies":[{"embeddable":true,"href":"https:\/\/nueeva.ca\/boutique\/wp-json\/wp\/v2\/comments?post=84"}],"wp:featuredmedia":[{"embeddable":true,"href":"https:\/\/nueeva.ca\/boutique\/wp-json\/wp\/v2\/media\/105"}],"wp:attachment":[{"href":"https:\/\/nueeva.ca\/boutique\/wp-json\/wp\/v2\/media?parent=84"}],"curies":[{"name":"wp","href":"https:\/\/api.w.org\/{rel}","templated":true}]}}