{"id":86,"date":"2019-05-09T22:13:39","date_gmt":"2019-05-09T20:13:39","guid":{"rendered":"https:\/\/nueeva.ca\/boutique\/?post_type=product&#038;p=86"},"modified":"2026-02-26T20:15:36","modified_gmt":"2026-02-26T19:15:36","slug":"nettoyant-doux","status":"publish","type":"product","link":"https:\/\/nueeva.ca\/boutique\/product\/nettoyant-doux\/","title":{"rendered":"Nettoyant Doux"},"content":{"rendered":"<p>Les savons et la plupart des nettoyants sont alcalins et irritants pour la peau. Par leur alcalinit\u00e9, ils neutralisent partiellement l\u2019activit\u00e9 de l\u2019acide glycolique (AHA). Le Nettoyant doux Pro-DermMD, \u00e0 pH optimal acide, est sp\u00e9cialement formul\u00e9 pour optimiser les r\u00e9sultats de notre gamme de produits. En plus de prot\u00e9ger l\u2019int\u00e9grit\u00e9 de la peau, il est apaisant. Il nettoie en douceur et se rinse compl\u00e8tement \u00e0 l\u2019eau, ne laissant aucun r\u00e9sidu.<\/p>\n","protected":false},"excerpt":{"rendered":"<p>Nettoyant Doux , convenant \u00e0 tous les types de peau.<\/p>\n<p>Conseils d\u2019utilisation<\/p>\n<p>Sa formulation est concentr\u00e9e, une petite quantit\u00e9 suffit. Peu \u00e9galement s\u2019utiliser comme d\u00e9maquillant. Laisser agir quelques secondes et rincer \u00e0 l\u2019eau claire.<\/p>\n<p>Quantit\u00e9 : 250ml<\/p>\n","protected":false},"featured_media":112,"comment_status":"open","ping_status":"closed","template":"","meta":{"spay_email":""},"_links":{"self":[{"href":"https:\/\/nueeva.ca\/boutique\/wp-json\/wp\/v2\/product\/86"}],"collection":[{"href":"https:\/\/nueeva.ca\/boutique\/wp-json\/wp\/v2\/product"}],"about":[{"href":"https:\/\/nueeva.ca\/boutique\/wp-json\/wp\/v2\/types\/product"}],"replies":[{"embeddable":true,"href":"https:\/\/nueeva.ca\/boutique\/wp-json\/wp\/v2\/comments?post=86"}],"wp:featuredmedia":[{"embeddable":true,"href":"https:\/\/nueeva.ca\/boutique\/wp-json\/wp\/v2\/media\/112"}],"wp:attachment":[{"href":"https:\/\/nueeva.ca\/boutique\/wp-json\/wp\/v2\/media?parent=86"}],"curies":[{"name":"wp","href":"https:\/\/api.w.org\/{rel}","templated":true}]}}