{"id":92,"date":"2019-05-09T22:28:19","date_gmt":"2019-05-09T20:28:19","guid":{"rendered":"https:\/\/nueeva.ca\/boutique\/?post_type=product&#038;p=92"},"modified":"2026-02-26T20:14:15","modified_gmt":"2026-02-26T19:14:15","slug":"ultra-c-b-white","status":"publish","type":"product","link":"https:\/\/nueeva.ca\/boutique\/product\/ultra-c-b-white\/","title":{"rendered":"Ultra-C B White"},"content":{"rendered":"<p>Cette formulation est enrichie d\u2019un Oligopeptide-68 dans le but de r\u00e9duire l\u2019apparence des irr\u00e9gularit\u00e9s de la pigmentation: taches de vieillesse, melasma etc.<\/p>\n","protected":false},"excerpt":{"rendered":"<p>Cr\u00e8mes \u00e9claircissantes pour le visage. Conviennent \u00e0 tous les types de peau.<\/p>\n<p>Conseils d\u2019utilisation<\/p>\n<p>Appliquer le soir sur le visage, le cou et le d\u00e9collet\u00e9 sur une peau pr\u00e9alablement nettoy\u00e9e avec le Nettoyant Doux Pro-Derm<sup>MD<\/sup>. Lors de journ\u00e9es sans soleil, appliquer la cr\u00e8me le matin pour ainsi b\u00e9n\u00e9ficier de son action matifiante. L\u2019\u00e9claircissement sera graduel et progressif sur une p\u00e9riode de 1 \u00e0 6 mois. L\u2019alternance un soir sur deux avec une Cr\u00e8me de nuit AHA Pro-Derm<sup>MD<\/sup>\u00a0maximise le r\u00e9sultat. Pour r\u00e9duire ou pr\u00e9venir tout probl\u00e8me d\u2019hyperpigmentation, l\u2019\u00e9viction du soleil et l\u2019application quotidienne d\u2019une protection solaire sont essentielles. Pour des probl\u00e8mes s\u00e9rieux d\u2019hyperpigmentation n\u00e9cessitant une action maximale, appliquer la Cr\u00e8me Ultra-C un soir sur deux en alternance avec une Lotion AHA-BHA Pro-Derm<sup>MD<\/sup>\u00a0en plus d\u2019utiliser le S\u00e9rum-C 10 % tous les matins avant l\u2019\u00e9cran solaire.<\/p>\n<p>Quantit\u00e9 : 50ml<\/p>\n","protected":false},"featured_media":116,"comment_status":"open","ping_status":"closed","template":"","meta":{"spay_email":""},"_links":{"self":[{"href":"https:\/\/nueeva.ca\/boutique\/wp-json\/wp\/v2\/product\/92"}],"collection":[{"href":"https:\/\/nueeva.ca\/boutique\/wp-json\/wp\/v2\/product"}],"about":[{"href":"https:\/\/nueeva.ca\/boutique\/wp-json\/wp\/v2\/types\/product"}],"replies":[{"embeddable":true,"href":"https:\/\/nueeva.ca\/boutique\/wp-json\/wp\/v2\/comments?post=92"}],"wp:featuredmedia":[{"embeddable":true,"href":"https:\/\/nueeva.ca\/boutique\/wp-json\/wp\/v2\/media\/116"}],"wp:attachment":[{"href":"https:\/\/nueeva.ca\/boutique\/wp-json\/wp\/v2\/media?parent=92"}],"curies":[{"name":"wp","href":"https:\/\/api.w.org\/{rel}","templated":true}]}}