{"id":93,"date":"2019-05-09T22:30:08","date_gmt":"2019-05-09T20:30:08","guid":{"rendered":"https:\/\/nueeva.ca\/boutique\/?post_type=product&#038;p=93"},"modified":"2026-02-26T20:13:59","modified_gmt":"2026-02-26T19:13:59","slug":"serum-c-10","status":"publish","type":"product","link":"https:\/\/nueeva.ca\/boutique\/product\/serum-c-10\/","title":{"rendered":"S\u00e9rum-C 10%"},"content":{"rendered":"<p>La haute teneur en acide L-ascorbique (vitamine C pure, antioxydante) non neutralis\u00e9 du S\u00e9rum-C 10 % Pro-DermMD permet de pr\u00e9venir et de diminuer l\u2019action nocive des radicaux libres responsables du vieillissement cutan\u00e9 et de stimuler la synth\u00e8se du collag\u00e8ne. Son usage quotidien pr\u00e9vient les rides et procure un effet tenseur imm\u00e9diat tout en uniformisant, \u00e9claircissant et illuminant le teint. L\u2019application du S\u00e9rum-C 10 % avant la protection solaire augmente la r\u00e9sistance de la peau aux polluants et aux rayons ultra-violets.<\/p>\n","protected":false},"excerpt":{"rendered":"<p>S\u00e9rum antioxydant antiradicalaire, convient \u00e0 tous les types de peau.<\/p>\n<p>Conseils d\u2019utilisation<\/p>\n<p>Appliquer sur une peau bien ass\u00e9ch\u00e9e et pr\u00e9alablement nettoy\u00e9e avec le Nettoyant doux Pro-Derm<sup>MD<\/sup>\u00a0au visage, cou et d\u00e9collet\u00e9 ou au niveau du contour de l\u2019\u0153il. Appliquer avant votre cr\u00e8me de jour, tout autre produit Pro-Derm<sup>MD<\/sup>ou maquillage une fois par jour le matin.<\/p>\n<p>Quantit\u00e9 : 30ml<\/p>\n","protected":false},"featured_media":113,"comment_status":"open","ping_status":"closed","template":"","meta":{"spay_email":""},"_links":{"self":[{"href":"https:\/\/nueeva.ca\/boutique\/wp-json\/wp\/v2\/product\/93"}],"collection":[{"href":"https:\/\/nueeva.ca\/boutique\/wp-json\/wp\/v2\/product"}],"about":[{"href":"https:\/\/nueeva.ca\/boutique\/wp-json\/wp\/v2\/types\/product"}],"replies":[{"embeddable":true,"href":"https:\/\/nueeva.ca\/boutique\/wp-json\/wp\/v2\/comments?post=93"}],"wp:featuredmedia":[{"embeddable":true,"href":"https:\/\/nueeva.ca\/boutique\/wp-json\/wp\/v2\/media\/113"}],"wp:attachment":[{"href":"https:\/\/nueeva.ca\/boutique\/wp-json\/wp\/v2\/media?parent=93"}],"curies":[{"name":"wp","href":"https:\/\/api.w.org\/{rel}","templated":true}]}}